{"id":1113,"date":"2019-03-05T06:07:34","date_gmt":"2019-03-05T06:07:34","guid":{"rendered":"http:\/\/monstergym.net\/?page_id=1113\/"},"modified":"2019-03-05T06:17:16","modified_gmt":"2019-03-05T06:17:16","slug":"centre-de-bien-etre","status":"publish","type":"page","link":"https:\/\/monstergym.net\/fr\/centre-de-bien-etre\/","title":{"rendered":"Centre de Bien-\u00catre"},"content":{"rendered":"<div class=\"wpb-content-wrapper\">[mk_page_section bg_image=&#8221;http:\/\/monstergym.net\/wp-content\/uploads\/2017\/05\/montreal-personal-trainer-main.jpg&#8221; bg_position=&#8221;center center&#8221; bg_repeat=&#8221;no-repeat&#8221; bg_stretch=&#8221;true&#8221; video_color_mask=&#8221;#000000&#8243; video_opacity=&#8221;0.5&#8243; min_height=&#8221;650&#8243; js_vertical_centered=&#8221;true&#8221; skip_arrow=&#8221;true&#8221; sidebar=&#8221;sidebar-1&#8243;][vc_column][mk_fancy_title tag_name=&#8221;h1&#8243; color=&#8221;#ffffff&#8221; size=&#8221;40&#8243; force_font_size=&#8221;true&#8221; size_tablet=&#8221;40&#8243; size_phone=&#8221;24&#8243; line_height=&#8221;99&#8243; font_weight=&#8221;bold&#8221; txt_transform=&#8221;uppercase&#8221; letter_spacing=&#8221;5&#8243; margin_bottom=&#8221;0&#8243; font_family=&#8221;Oswald&#8221; font_type=&#8221;google&#8221; align=&#8221;center&#8221;]Entra\u00eeneurs Personnels de Monster Gym[\/mk_fancy_title][vc_column_text align=&#8221;center&#8221;]Fixez-vous des objectifs et atteignez-les gr\u00e2ce \u00e0 notre programme d&#8217;entra\u00eenement personnalis\u00e9.[\/vc_column_text][\/vc_column][\/mk_page_section][vc_row attached=&#8221;true&#8221; css=&#8221;.vc_custom_1543995464241{margin-top: 60px !important;}&#8221;][vc_column width=&#8221;1\/2&#8243; css=&#8221;.vc_custom_1543995559605{padding-right: 40px !important;padding-left: 40px !important;}&#8221;][vc_single_image image=&#8221;768&#8243; img_size=&#8221;594&#8243; alignment=&#8221;center&#8221;][\/vc_column][vc_column width=&#8221;1\/2&#8243;][mk_padding_divider size=&#8221;60&#8243; visibility=&#8221;hidden-sm&#8221;][mk_fancy_title color=&#8221;#d2232a&#8221; size=&#8221;40&#8243; force_font_size=&#8221;true&#8221; size_tablet=&#8221;40&#8243; size_phone=&#8221;30&#8243; line_height=&#8221;99&#8243; font_weight=&#8221;bold&#8221; txt_transform=&#8221;uppercase&#8221; font_family=&#8221;Oswald&#8221; font_type=&#8221;google&#8221; responsive_align=&#8221;left&#8221;]ATTEIGNEZ VOS OBJECTIFS AUJOURD&#8217;HUI[\/mk_fancy_title][vc_column_text]<span style=\"color: #101213 !important;\">Chez Monster Gym, nous avons une grande vari\u00e9t\u00e9 d&#8217;entra\u00eeneurs personnels travaillant en interne. Nos formateurs du centre de bien-\u00eatre sont tous certifi\u00e9s et poss\u00e8dent diff\u00e9rentes sp\u00e9cialit\u00e9s de formation. Vous pourrez ainsi travailler de la mani\u00e8re la mieux adapt\u00e9e \u00e0 vos besoins et \u00e0 votre budget.<\/span><\/p>\n<p><span style=\"color: #101213 !important;\">Nous sommes sp\u00e9cialis\u00e9s dans la perte de poids \/ perte de graisse, l&#8217;entra\u00eenement individuel, l&#8217;entra\u00eenement en groupe, l&#8217;entra\u00eenement en circuit, l&#8217;entra\u00eenement fonctionnel.<\/span>[\/vc_column_text][mk_button dimension=&#8221;flat&#8221; size=&#8221;large&#8221; url=&#8221;#eval&#8221; margin_bottom=&#8221;20&#8243; margin_right=&#8221;0&#8243; bg_color=&#8221;#d2232a&#8221;]\u00c9VALUATION GRATUITE[\/mk_button][\/vc_column][\/vc_row][vc_row css=&#8221;.vc_custom_1551764474750{margin-top: 60px !important;}&#8221;][vc_column width=&#8221;1\/3&#8243; css=&#8221;.vc_custom_1551764454649{padding-right: 40px !important;padding-left: 40px !important;}&#8221;][mk_fancy_title tag_name=&#8221;h6&#8243; color=&#8221;#0a0a0a&#8221; size=&#8221;25&#8243; font_weight=&#8221;bolder&#8221; font_family=&#8221;Oswald&#8221; font_type=&#8221;google&#8221; align=&#8221;center&#8221;]1[\/mk_fancy_title][mk_fancy_title tag_name=&#8221;h5&#8243; color=&#8221;#0a0a0a&#8221; size=&#8221;18&#8243; font_weight=&#8221;bolder&#8221; txt_transform=&#8221;uppercase&#8221; letter_spacing=&#8221;5&#8243; margin_bottom=&#8221;0&#8243; font_family=&#8221;Oswald&#8221; font_type=&#8221;google&#8221; align=&#8221;center&#8221;]Alliance[\/mk_fancy_title][vc_column_text align=&#8221;center&#8221;]<span style=\"color: #101213 !important; font-size: 16px; font-weight: normal;\"> Bas\u00e9 sur vos objectifs, nous nous assurons de vous jumeler \u00e0 un entra\u00eeneur parfait pour vous. Avec la bonne personne, les r\u00e9sultats peuvent \u00eatre extraordinaires.<\/span>[\/vc_column_text][\/vc_column][vc_column width=&#8221;1\/3&#8243;][mk_fancy_title tag_name=&#8221;h6&#8243; color=&#8221;#0a0a0a&#8221; size=&#8221;25&#8243; font_weight=&#8221;bolder&#8221; font_family=&#8221;Oswald&#8221; font_type=&#8221;google&#8221; align=&#8221;center&#8221;]2[\/mk_fancy_title][mk_fancy_title tag_name=&#8221;h5&#8243; color=&#8221;#0a0a0a&#8221; size=&#8221;18&#8243; font_weight=&#8221;bolder&#8221; txt_transform=&#8221;uppercase&#8221; letter_spacing=&#8221;5&#8243; margin_bottom=&#8221;0&#8243; font_family=&#8221;Oswald&#8221; font_type=&#8221;google&#8221; align=&#8221;center&#8221;]Soutenu par les r\u00e9sultats[\/mk_fancy_title][vc_column_text align=&#8221;center&#8221;]<span style=\"color: #101213 !important; font-size: 16px; font-weight: normal;\">Nos entra\u00eeneurs ont des ann\u00e9es d&#8217;exp\u00e9rience. Chaque entra\u00eeneur de notre \u00e9quipe a \u00e9t\u00e9 s\u00e9lectionn\u00e9 \u00e0 la main pour offrir les meilleurs r\u00e9sultats \u00e0 nos clients, en fonction de leurs besoins.<\/span>[\/vc_column_text][\/vc_column][vc_column width=&#8221;1\/3&#8243;][mk_fancy_title tag_name=&#8221;h6&#8243; color=&#8221;#0a0a0a&#8221; size=&#8221;25&#8243; font_weight=&#8221;bolder&#8221; font_family=&#8221;Oswald&#8221; font_type=&#8221;google&#8221; align=&#8221;center&#8221;]3[\/mk_fancy_title][mk_fancy_title tag_name=&#8221;h5&#8243; color=&#8221;#0a0a0a&#8221; size=&#8221;18&#8243; font_weight=&#8221;bolder&#8221; txt_transform=&#8221;uppercase&#8221; letter_spacing=&#8221;5&#8243; margin_bottom=&#8221;0&#8243; font_family=&#8221;Oswald&#8221; font_type=&#8221;google&#8221; align=&#8221;center&#8221;]Entra\u00eeneurs qualifi\u00e9[\/mk_fancy_title][vc_column_text align=&#8221;center&#8221;]<span style=\"color: #101213 !important; font-size: 16px; font-weight: normal;\">Nos entra\u00eeneurs sont constamment perfectionn\u00e9s dans le cadre de programmes de formation continue, \u00e9largissant ainsi leurs connaissances et leur expertise.<\/span>[\/vc_column_text][\/vc_column][\/vc_row][vc_row attached=&#8221;true&#8221; css=&#8221;.vc_custom_1551764484469{margin-top: 60px !important;margin-bottom: 40px !important;}&#8221;][vc_column width=&#8221;1\/4&#8243;][\/vc_column][vc_column width=&#8221;1\/2&#8243; css=&#8221;.vc_custom_1543993988192{padding-top: 50px !important;padding-right: 50px !important;padding-bottom: 50px !important;padding-left: 50px !important;background-color: #efefef !important;}&#8221;][mk_fancy_title color=&#8221;#101213&#8243; size=&#8221;30&#8243; force_font_size=&#8221;true&#8221; size_tablet=&#8221;30&#8243; size_phone=&#8221;24&#8243; line_height=&#8221;99&#8243; font_weight=&#8221;bold&#8221; txt_transform=&#8221;uppercase&#8221; font_family=&#8221;Oswald&#8221; font_type=&#8221;google&#8221; align=&#8221;center&#8221;]<a id=\"eval\"><\/a>OBTENEZ VOTRE \u00c9VALUATION GRATUITE AUJOURD&#8217;HUI[\/mk_fancy_title][vc_column_text align=&#8221;center&#8221;]<span style=\"color: #101213 !important;\">Connectons-nous avec notre \u00e9quipe de formation personnelle. R\u00e9servez une \u00e9valuation gratuite de votre condition physique pendant 30 minutes et d\u00e9couvrez votre v\u00e9ritable potentiel.<\/span>[\/vc_column_text][\/vc_column][vc_column width=&#8221;1\/4&#8243;][\/vc_column][\/vc_row][vc_row fullwidth=&#8221;true&#8221; fullwidth_content=&#8221;false&#8221; css=&#8221;.vc_custom_1490057868750{background-image: url(http:\/\/monstergym.net\/wp-content\/uploads\/2016\/09\/section4.jpg?id=162) !important;background-position: center !important;background-repeat: no-repeat !important;background-size: cover !important;}&#8221;][vc_column][vc_row_inner][vc_column_inner][mk_testimonials title=&#8221;Testimonials&#8221; skin=&#8221;light&#8221; text_color=&#8221;#ffffff&#8221; author_color=&#8221;#ffffff&#8221; skill_color=&#8221;#ffffff&#8221; font_weight=&#8221;400&#8243; font_style=&#8221;normal&#8221; text_transform=&#8221;none&#8221;][\/vc_column_inner][\/vc_row_inner][\/vc_column][\/vc_row]\n<\/div>","protected":false},"excerpt":{"rendered":"<p>[mk_page_section bg_image=&#8221;http:\/\/monstergym.net\/wp-content\/uploads\/2017\/05\/montreal-personal-trainer-main.jpg&#8221; bg_position=&#8221;center center&#8221; bg_repeat=&#8221;no-repeat&#8221; bg_stretch=&#8221;true&#8221; video_color_mask=&#8221;#000000&#8243; video_opacity=&#8221;0.5&#8243; min_height=&#8221;650&#8243; js_vertical_centered=&#8221;true&#8221; skip_arrow=&#8221;true&#8221; sidebar=&#8221;sidebar-1&#8243;][vc_column][mk_fancy_title tag_name=&#8221;h1&#8243; color=&#8221;#ffffff&#8221; size=&#8221;40&#8243; force_font_size=&#8221;true&#8221; size_tablet=&#8221;40&#8243; size_phone=&#8221;24&#8243; line_height=&#8221;99&#8243; font_weight=&#8221;bold&#8221; txt_transform=&#8221;uppercase&#8221; letter_spacing=&#8221;5&#8243; margin_bottom=&#8221;0&#8243; font_family=&#8221;Oswald&#8221; font_type=&#8221;google&#8221; align=&#8221;center&#8221;]Entra\u00eeneurs Personnels de Monster Gym[\/mk_fancy_title][vc_column_text align=&#8221;center&#8221;]Fixez-vous des objectifs et atteignez-les gr\u00e2ce \u00e0 notre programme d&#8217;entra\u00eenement personnalis\u00e9.[\/vc_column_text][\/vc_column][\/mk_page_section][vc_row attached=&#8221;true&#8221; css=&#8221;.vc_custom_1543995464241{margin-top: 60px !important;}&#8221;][vc_column width=&#8221;1\/2&#8243; css=&#8221;.vc_custom_1543995559605{padding-right: 40px !important;padding-left: 40px !important;}&#8221;][vc_single_image image=&#8221;768&#8243; img_size=&#8221;594&#8243; alignment=&#8221;center&#8221;][\/vc_column][vc_column width=&#8221;1\/2&#8243;][mk_padding_divider [&hellip;]<\/p>\n","protected":false},"author":1,"featured_media":0,"parent":0,"menu_order":0,"comment_status":"closed","ping_status":"closed","template":"","meta":{"footnotes":""},"class_list":["post-1113","page","type-page","status-publish","hentry"],"yoast_head":"<!-- This site is optimized with the Yoast SEO plugin v26.9 - https:\/\/yoast.com\/product\/yoast-seo-wordpress\/ -->\n<title>Centre de Bien-\u00catre - Monster Gym<\/title>\n<meta name=\"robots\" content=\"index, follow, max-snippet:-1, max-image-preview:large, max-video-preview:-1\" \/>\n<link rel=\"canonical\" href=\"https:\/\/monstergym.net\/fr\/centre-de-bien-etre\/\" \/>\n<meta property=\"og:locale\" content=\"fr_FR\" \/>\n<meta property=\"og:type\" content=\"article\" \/>\n<meta property=\"og:title\" content=\"Centre de Bien-\u00catre - Monster Gym\" \/>\n<meta property=\"og:description\" content=\"[mk_page_section bg_image=&#8221;http:\/\/monstergym.net\/wp-content\/uploads\/2017\/05\/montreal-personal-trainer-main.jpg&#8221; bg_position=&#8221;center center&#8221; bg_repeat=&#8221;no-repeat&#8221; bg_stretch=&#8221;true&#8221; video_color_mask=&#8221;#000000&#8243; video_opacity=&#8221;0.5&#8243; min_height=&#8221;650&#8243; js_vertical_centered=&#8221;true&#8221; skip_arrow=&#8221;true&#8221; sidebar=&#8221;sidebar-1&#8243;][vc_column][mk_fancy_title tag_name=&#8221;h1&#8243; color=&#8221;#ffffff&#8221; size=&#8221;40&#8243; force_font_size=&#8221;true&#8221; size_tablet=&#8221;40&#8243; size_phone=&#8221;24&#8243; line_height=&#8221;99&#8243; font_weight=&#8221;bold&#8221; txt_transform=&#8221;uppercase&#8221; letter_spacing=&#8221;5&#8243; margin_bottom=&#8221;0&#8243; font_family=&#8221;Oswald&#8221; font_type=&#8221;google&#8221; align=&#8221;center&#8221;]Entra\u00eeneurs Personnels de Monster Gym[\/mk_fancy_title][vc_column_text align=&#8221;center&#8221;]Fixez-vous des objectifs et atteignez-les gr\u00e2ce \u00e0 notre programme d&#8217;entra\u00eenement personnalis\u00e9.[\/vc_column_text][\/vc_column][\/mk_page_section][vc_row attached=&#8221;true&#8221; css=&#8221;.vc_custom_1543995464241{margin-top: 60px !important;}&#8221;][vc_column width=&#8221;1\/2&#8243; css=&#8221;.vc_custom_1543995559605{padding-right: 40px !important;padding-left: 40px !important;}&#8221;][vc_single_image image=&#8221;768&#8243; img_size=&#8221;594&#8243; alignment=&#8221;center&#8221;][\/vc_column][vc_column width=&#8221;1\/2&#8243;][mk_padding_divider [&hellip;]\" \/>\n<meta property=\"og:url\" content=\"https:\/\/monstergym.net\/fr\/centre-de-bien-etre\/\" \/>\n<meta property=\"og:site_name\" content=\"Monster Gym\" \/>\n<meta property=\"article:modified_time\" content=\"2019-03-05T06:17:16+00:00\" \/>\n<meta name=\"twitter:card\" content=\"summary_large_image\" \/>\n<meta name=\"twitter:label1\" content=\"Est. reading time\" \/>\n\t<meta name=\"twitter:data1\" content=\"4 minutes\" \/>\n<script type=\"application\/ld+json\" class=\"yoast-schema-graph\">{\"@context\":\"https:\/\/schema.org\",\"@graph\":[{\"@type\":\"WebPage\",\"@id\":\"https:\/\/monstergym.net\/fr\/centre-de-bien-etre\/\",\"url\":\"https:\/\/monstergym.net\/fr\/centre-de-bien-etre\/\",\"name\":\"Centre de Bien-\u00catre - Monster Gym\",\"isPartOf\":{\"@id\":\"https:\/\/monstergym.net\/#website\"},\"datePublished\":\"2019-03-05T06:07:34+00:00\",\"dateModified\":\"2019-03-05T06:17:16+00:00\",\"breadcrumb\":{\"@id\":\"https:\/\/monstergym.net\/fr\/centre-de-bien-etre\/#breadcrumb\"},\"inLanguage\":\"fr-FR\",\"potentialAction\":[{\"@type\":\"ReadAction\",\"target\":[\"https:\/\/monstergym.net\/fr\/centre-de-bien-etre\/\"]}]},{\"@type\":\"BreadcrumbList\",\"@id\":\"https:\/\/monstergym.net\/fr\/centre-de-bien-etre\/#breadcrumb\",\"itemListElement\":[{\"@type\":\"ListItem\",\"position\":1,\"name\":\"Home\",\"item\":\"https:\/\/monstergym.net\/fr\/\"},{\"@type\":\"ListItem\",\"position\":2,\"name\":\"Centre de Bien-\u00catre\"}]},{\"@type\":\"WebSite\",\"@id\":\"https:\/\/monstergym.net\/#website\",\"url\":\"https:\/\/monstergym.net\/\",\"name\":\"Monster Gym\",\"description\":\"Open 24\/7 365\",\"potentialAction\":[{\"@type\":\"SearchAction\",\"target\":{\"@type\":\"EntryPoint\",\"urlTemplate\":\"https:\/\/monstergym.net\/?s={search_term_string}\"},\"query-input\":{\"@type\":\"PropertyValueSpecification\",\"valueRequired\":true,\"valueName\":\"search_term_string\"}}],\"inLanguage\":\"fr-FR\"}]}<\/script>\n<!-- \/ Yoast SEO plugin. -->","yoast_head_json":{"title":"Centre de Bien-\u00catre - Monster Gym","robots":{"index":"index","follow":"follow","max-snippet":"max-snippet:-1","max-image-preview":"max-image-preview:large","max-video-preview":"max-video-preview:-1"},"canonical":"https:\/\/monstergym.net\/fr\/centre-de-bien-etre\/","og_locale":"fr_FR","og_type":"article","og_title":"Centre de Bien-\u00catre - Monster Gym","og_description":"[mk_page_section bg_image=&#8221;http:\/\/monstergym.net\/wp-content\/uploads\/2017\/05\/montreal-personal-trainer-main.jpg&#8221; bg_position=&#8221;center center&#8221; bg_repeat=&#8221;no-repeat&#8221; bg_stretch=&#8221;true&#8221; video_color_mask=&#8221;#000000&#8243; video_opacity=&#8221;0.5&#8243; min_height=&#8221;650&#8243; js_vertical_centered=&#8221;true&#8221; skip_arrow=&#8221;true&#8221; sidebar=&#8221;sidebar-1&#8243;][vc_column][mk_fancy_title tag_name=&#8221;h1&#8243; color=&#8221;#ffffff&#8221; size=&#8221;40&#8243; force_font_size=&#8221;true&#8221; size_tablet=&#8221;40&#8243; size_phone=&#8221;24&#8243; line_height=&#8221;99&#8243; font_weight=&#8221;bold&#8221; txt_transform=&#8221;uppercase&#8221; letter_spacing=&#8221;5&#8243; margin_bottom=&#8221;0&#8243; font_family=&#8221;Oswald&#8221; font_type=&#8221;google&#8221; align=&#8221;center&#8221;]Entra\u00eeneurs Personnels de Monster Gym[\/mk_fancy_title][vc_column_text align=&#8221;center&#8221;]Fixez-vous des objectifs et atteignez-les gr\u00e2ce \u00e0 notre programme d&#8217;entra\u00eenement personnalis\u00e9.[\/vc_column_text][\/vc_column][\/mk_page_section][vc_row attached=&#8221;true&#8221; css=&#8221;.vc_custom_1543995464241{margin-top: 60px !important;}&#8221;][vc_column width=&#8221;1\/2&#8243; css=&#8221;.vc_custom_1543995559605{padding-right: 40px !important;padding-left: 40px !important;}&#8221;][vc_single_image image=&#8221;768&#8243; img_size=&#8221;594&#8243; alignment=&#8221;center&#8221;][\/vc_column][vc_column width=&#8221;1\/2&#8243;][mk_padding_divider [&hellip;]","og_url":"https:\/\/monstergym.net\/fr\/centre-de-bien-etre\/","og_site_name":"Monster Gym","article_modified_time":"2019-03-05T06:17:16+00:00","twitter_card":"summary_large_image","twitter_misc":{"Est. reading time":"4 minutes"},"schema":{"@context":"https:\/\/schema.org","@graph":[{"@type":"WebPage","@id":"https:\/\/monstergym.net\/fr\/centre-de-bien-etre\/","url":"https:\/\/monstergym.net\/fr\/centre-de-bien-etre\/","name":"Centre de Bien-\u00catre - Monster Gym","isPartOf":{"@id":"https:\/\/monstergym.net\/#website"},"datePublished":"2019-03-05T06:07:34+00:00","dateModified":"2019-03-05T06:17:16+00:00","breadcrumb":{"@id":"https:\/\/monstergym.net\/fr\/centre-de-bien-etre\/#breadcrumb"},"inLanguage":"fr-FR","potentialAction":[{"@type":"ReadAction","target":["https:\/\/monstergym.net\/fr\/centre-de-bien-etre\/"]}]},{"@type":"BreadcrumbList","@id":"https:\/\/monstergym.net\/fr\/centre-de-bien-etre\/#breadcrumb","itemListElement":[{"@type":"ListItem","position":1,"name":"Home","item":"https:\/\/monstergym.net\/fr\/"},{"@type":"ListItem","position":2,"name":"Centre de Bien-\u00catre"}]},{"@type":"WebSite","@id":"https:\/\/monstergym.net\/#website","url":"https:\/\/monstergym.net\/","name":"Monster Gym","description":"Open 24\/7 365","potentialAction":[{"@type":"SearchAction","target":{"@type":"EntryPoint","urlTemplate":"https:\/\/monstergym.net\/?s={search_term_string}"},"query-input":{"@type":"PropertyValueSpecification","valueRequired":true,"valueName":"search_term_string"}}],"inLanguage":"fr-FR"}]}},"_links":{"self":[{"href":"https:\/\/monstergym.net\/fr\/wp-json\/wp\/v2\/pages\/1113","targetHints":{"allow":["GET"]}}],"collection":[{"href":"https:\/\/monstergym.net\/fr\/wp-json\/wp\/v2\/pages"}],"about":[{"href":"https:\/\/monstergym.net\/fr\/wp-json\/wp\/v2\/types\/page"}],"author":[{"embeddable":true,"href":"https:\/\/monstergym.net\/fr\/wp-json\/wp\/v2\/users\/1"}],"replies":[{"embeddable":true,"href":"https:\/\/monstergym.net\/fr\/wp-json\/wp\/v2\/comments?post=1113"}],"version-history":[{"count":5,"href":"https:\/\/monstergym.net\/fr\/wp-json\/wp\/v2\/pages\/1113\/revisions"}],"predecessor-version":[{"id":1119,"href":"https:\/\/monstergym.net\/fr\/wp-json\/wp\/v2\/pages\/1113\/revisions\/1119"}],"wp:attachment":[{"href":"https:\/\/monstergym.net\/fr\/wp-json\/wp\/v2\/media?parent=1113"}],"curies":[{"name":"wp","href":"https:\/\/api.w.org\/{rel}","templated":true}]}}