{"id":691,"date":"2017-06-01T02:46:45","date_gmt":"2017-06-01T02:46:45","guid":{"rendered":"http:\/\/monstergym.net\/?page_id=691"},"modified":"2019-03-05T04:46:53","modified_gmt":"2019-03-05T04:46:53","slug":"a-propos-de-nous","status":"publish","type":"page","link":"https:\/\/monstergym.net\/fr\/a-propos-de-nous\/","title":{"rendered":"\u00c0 propos de nous"},"content":{"rendered":"<div class=\"wpb-content-wrapper\">[mk_page_section bg_image=&#8221;http:\/\/monstergym.net\/wp-content\/uploads\/2016\/09\/aboutustop.jpg&#8221; bg_position=&#8221;center center&#8221; bg_repeat=&#8221;no-repeat&#8221; bg_stretch=&#8221;true&#8221; video_color_mask=&#8221;#000000&#8243; video_opacity=&#8221;0.5&#8243; min_height=&#8221;650&#8243; js_vertical_centered=&#8221;true&#8221; sidebar=&#8221;sidebar-1&#8243;][vc_column][mk_fancy_title tag_name=&#8221;h1&#8243; color=&#8221;#ffffff&#8221; size=&#8221;60&#8243; force_font_size=&#8221;true&#8221; size_tablet=&#8221;70&#8243; line_height=&#8221;99&#8243; font_weight=&#8221;bold&#8221; txt_transform=&#8221;uppercase&#8221; margin_bottom=&#8221;0&#8243; font_family=&#8221;Oswald&#8221; font_type=&#8221;google&#8221; align=&#8221;center&#8221;]\u00c0 propos de nous[\/mk_fancy_title][\/vc_column][\/mk_page_section][vc_row fullwidth=&#8221;true&#8221; attached=&#8221;true&#8221; css=&#8221;.vc_custom_1495431714566{background-color: #d2232a !important;}&#8221;][vc_column width=&#8221;1\/2&#8243;][mk_custom_box padding_vertical=&#8221;80&#8243; padding_horizental=&#8221;50&#8243; margin_bottom=&#8221;0&#8243; min_height=&#8221;750&#8243; bg_image=&#8221;http:\/\/monstergym.net\/wp-content\/uploads\/2017\/05\/montreal-personal-trainer.jpg&#8221; bg_stretch=&#8221;true&#8221;][mk_fancy_title color=&#8221;#262626&#8243; size=&#8221;128&#8243; force_font_size=&#8221;true&#8221; size_tablet=&#8221;70&#8243; size_phone=&#8221;70&#8243; line_height=&#8221;99&#8243; font_weight=&#8221;bold&#8221; txt_transform=&#8221;uppercase&#8221; margin_bottom=&#8221;0&#8243; font_family=&#8221;Oswald&#8221; font_type=&#8221;google&#8221; responsive_align=&#8221;left&#8221;]<span style=\"color: #fff;\">27 Ans<\/span><br \/>\n<span style=\"color: #fff;\">Un Tour De Force<\/span>[\/mk_fancy_title][\/mk_custom_box][\/vc_column][vc_column width=&#8221;1\/2&#8243;][mk_custom_box padding_vertical=&#8221;80&#8243; padding_horizental=&#8221;50&#8243; margin_bottom=&#8221;0&#8243; min_height=&#8221;750&#8243; bg_stretch=&#8221;true&#8221;][mk_fancy_title tag_name=&#8221;h3&#8243; color=&#8221;#ffffff&#8221; size=&#8221;40&#8243; force_font_size=&#8221;true&#8221; size_tablet=&#8221;30&#8243; line_height=&#8221;99&#8243; font_weight=&#8221;bold&#8221; txt_transform=&#8221;uppercase&#8221; margin_bottom=&#8221;0&#8243; font_family=&#8221;Oswald&#8221; font_type=&#8221;google&#8221; responsive_align=&#8221;left&#8221;]Depuis pr\u00e8s de 27 ans, Monster Gym est l\u2019un des premiers centres de conditionnement physique \u00e0 Montr\u00e9al.[\/mk_fancy_title][vc_column_text disable_pattern=&#8221;false&#8221;]Leader en sant\u00e9 communautaire, notre entreprise familiale a d\u00e9but\u00e9 par un petit centre de conditionnement physique de 8 000 pieds carr\u00e9s qui est pass\u00e9 \u00e0 40 000 pieds carr\u00e9s et continue toujours de s\u2019agrandir. Le centre de 8 000 pieds carr\u00e9s n\u2019avait ni climatisation, ni \u00e9quipement cardio, ni salle ou cours d\u2019a\u00e9robie. Bien que nous ayons connu une croissance depuis nos d\u00e9buts modestes et que nous soyons devenu le plus grand centre de conditionnement physique dans l\u2019Ouest de l\u2019\u00eele, nous nous engageons plus que jamais \u00e0 offrir \u00e0 nos clients l\u2019ambiance familiale \u00e0 laquelle ils s\u2019attendent de Monster Gym.<\/p>\n<p>Monster Gym demeure le seul centre de conditionnement physique au Canada ouvert jour et nuit, sept jours sur sept, les tarifs d\u2019abonnement sont toujours les plus bas en ville et le tarif reste le m\u00eame tout au long de votre abonnement. Avec des appareils ultramodernes, des entra\u00eenements sp\u00e9cialis\u00e9s pour tous, que vous soyez d\u00e9butants ou experts en culturisme, et des tarifs qui n\u2019augmenteront jamais, vous n\u2019avez aucune raison d\u2019attendre de vous mettre en forme. La vie est plus belle quand vous vous entra\u00eenez.[\/vc_column_text][\/mk_custom_box][\/vc_column][\/vc_row][mk_page_section layout_structure=&#8221;half_right&#8221; bg_image=&#8221;http:\/\/monstergym.net\/wp-content\/uploads\/2016\/09\/aboutus-cardiosection.jpg&#8221; bg_color=&#8221;#262626&#8243; padding_top=&#8221;60&#8243; padding_bottom=&#8221;60&#8243; top_shape_color=&#8221;#ffffff&#8221; bottom_shape_color=&#8221;#ffffff&#8221;][vc_column][mk_padding_divider size=&#8221;20&#8243; visibility=&#8221;visible-sm&#8221;][mk_fancy_title tag_name=&#8221;h3&#8243; color=&#8221;#ffffff&#8221; size=&#8221;90&#8243; force_font_size=&#8221;true&#8221; size_tablet=&#8221;50&#8243; line_height=&#8221;99&#8243; font_weight=&#8221;bold&#8221; txt_transform=&#8221;uppercase&#8221; margin_bottom=&#8221;0&#8243; font_family=&#8221;Oswald&#8221; font_type=&#8221;google&#8221; responsive_align=&#8221;left&#8221;]Ouvert<br \/>\n<span style=\"color: #d2232a;\">24\/7\/365<\/span>[\/mk_fancy_title][vc_column_text disable_pattern=&#8221;false&#8221;]M\u00eame avec cette expansion, Carmine, le propri\u00e9taire, s\u2019est donn\u00e9 comme priorit\u00e9 de s\u2019assurer que l\u2019ambiance du centre de conditionnement physique est et sera toujours accueillante et amicale, tout en gardant les tarifs peu \u00e9lev\u00e9s et en \u00e9tant convaincu que tout le monde devrait avoir la possibilit\u00e9 de s\u2019entra\u00eener. Monster Gym est avant tout une famille et Carm souhaite poursuivre dans cette voie. Son engagement envers ses clients va m\u00eame jusqu\u2019\u00e0 aider la communaut\u00e9. Ainsi, Monster Gym est fier d\u2019appuyer la Fondation R\u00eaves d\u2019enfants, Crohn et Colite et les Grands fr\u00e8res Grandes s\u0153urs de l\u2019Ouest de l\u2019\u00eele.<\/p>\n<p>Avec ses appareils haut de gamme, sa plage horaire allong\u00e9e et ses tarifs les plus comp\u00e9titifs \u00e0 Montr\u00e9al, Monster Gym ne se contente pas de mettre la barre, il en d\u00e9termine la hauteur.<\/p>\n<p><strong style=\"color: #fff !important;\">T\u00e9l\u00e9phonez-nous aujourd\u2019hui au 514-421-0014, et obtenez le corps que vous m\u00e9ritez!<\/strong>[\/vc_column_text][\/vc_column][\/mk_page_section][vc_row fullwidth=&#8221;true&#8221; fullwidth_content=&#8221;false&#8221; css=&#8221;.vc_custom_1490057868750{background-image: url(http:\/\/monstergym.net\/wp-content\/uploads\/2016\/09\/section4.jpg?id=162) !important;background-position: center !important;background-repeat: no-repeat !important;background-size: cover !important;}&#8221;][vc_column][vc_row_inner][vc_column_inner][mk_testimonials title=&#8221;T\u00e9moignages&#8221; skin=&#8221;light&#8221; text_color=&#8221;#ffffff&#8221; author_color=&#8221;#ffffff&#8221; skill_color=&#8221;#ffffff&#8221; font_weight=&#8221;400&#8243; font_style=&#8221;normal&#8221; text_transform=&#8221;none&#8221;][\/vc_column_inner][\/vc_row_inner][\/vc_column][\/vc_row]\n<\/div>","protected":false},"excerpt":{"rendered":"<p>[mk_page_section bg_image=&#8221;http:\/\/monstergym.net\/wp-content\/uploads\/2016\/09\/aboutustop.jpg&#8221; bg_position=&#8221;center center&#8221; bg_repeat=&#8221;no-repeat&#8221; bg_stretch=&#8221;true&#8221; video_color_mask=&#8221;#000000&#8243; video_opacity=&#8221;0.5&#8243; min_height=&#8221;650&#8243; js_vertical_centered=&#8221;true&#8221; sidebar=&#8221;sidebar-1&#8243;][vc_column][mk_fancy_title tag_name=&#8221;h1&#8243; color=&#8221;#ffffff&#8221; size=&#8221;60&#8243; force_font_size=&#8221;true&#8221; size_tablet=&#8221;70&#8243; line_height=&#8221;99&#8243; font_weight=&#8221;bold&#8221; txt_transform=&#8221;uppercase&#8221; margin_bottom=&#8221;0&#8243; font_family=&#8221;Oswald&#8221; font_type=&#8221;google&#8221; align=&#8221;center&#8221;]\u00c0 propos de nous[\/mk_fancy_title][\/vc_column][\/mk_page_section][vc_row fullwidth=&#8221;true&#8221; attached=&#8221;true&#8221; css=&#8221;.vc_custom_1495431714566{background-color: #d2232a !important;}&#8221;][vc_column width=&#8221;1\/2&#8243;][mk_custom_box padding_vertical=&#8221;80&#8243; padding_horizental=&#8221;50&#8243; margin_bottom=&#8221;0&#8243; min_height=&#8221;750&#8243; bg_image=&#8221;http:\/\/monstergym.net\/wp-content\/uploads\/2017\/05\/montreal-personal-trainer.jpg&#8221; bg_stretch=&#8221;true&#8221;][mk_fancy_title color=&#8221;#262626&#8243; size=&#8221;128&#8243; force_font_size=&#8221;true&#8221; size_tablet=&#8221;70&#8243; size_phone=&#8221;70&#8243; line_height=&#8221;99&#8243; font_weight=&#8221;bold&#8221; txt_transform=&#8221;uppercase&#8221; margin_bottom=&#8221;0&#8243; font_family=&#8221;Oswald&#8221; font_type=&#8221;google&#8221; responsive_align=&#8221;left&#8221;]27 Ans Un Tour De Force[\/mk_fancy_title][\/mk_custom_box][\/vc_column][vc_column [&hellip;]<\/p>\n","protected":false},"author":1,"featured_media":0,"parent":0,"menu_order":0,"comment_status":"closed","ping_status":"closed","template":"","meta":{"footnotes":""},"class_list":["post-691","page","type-page","status-publish","hentry"],"yoast_head":"<!-- This site is optimized with the Yoast SEO plugin v26.9 - https:\/\/yoast.com\/product\/yoast-seo-wordpress\/ -->\n<title>\u00c0 propos de nous - Monster Gym<\/title>\n<meta name=\"robots\" content=\"index, follow, max-snippet:-1, max-image-preview:large, max-video-preview:-1\" \/>\n<link rel=\"canonical\" href=\"https:\/\/monstergym.net\/fr\/a-propos-de-nous\/\" \/>\n<meta property=\"og:locale\" content=\"fr_FR\" \/>\n<meta property=\"og:type\" content=\"article\" \/>\n<meta property=\"og:title\" content=\"\u00c0 propos de nous - Monster Gym\" \/>\n<meta property=\"og:description\" content=\"[mk_page_section bg_image=&#8221;http:\/\/monstergym.net\/wp-content\/uploads\/2016\/09\/aboutustop.jpg&#8221; bg_position=&#8221;center center&#8221; bg_repeat=&#8221;no-repeat&#8221; bg_stretch=&#8221;true&#8221; video_color_mask=&#8221;#000000&#8243; video_opacity=&#8221;0.5&#8243; min_height=&#8221;650&#8243; js_vertical_centered=&#8221;true&#8221; sidebar=&#8221;sidebar-1&#8243;][vc_column][mk_fancy_title tag_name=&#8221;h1&#8243; color=&#8221;#ffffff&#8221; size=&#8221;60&#8243; force_font_size=&#8221;true&#8221; size_tablet=&#8221;70&#8243; line_height=&#8221;99&#8243; font_weight=&#8221;bold&#8221; txt_transform=&#8221;uppercase&#8221; margin_bottom=&#8221;0&#8243; font_family=&#8221;Oswald&#8221; font_type=&#8221;google&#8221; align=&#8221;center&#8221;]\u00c0 propos de nous[\/mk_fancy_title][\/vc_column][\/mk_page_section][vc_row fullwidth=&#8221;true&#8221; attached=&#8221;true&#8221; css=&#8221;.vc_custom_1495431714566{background-color: #d2232a !important;}&#8221;][vc_column width=&#8221;1\/2&#8243;][mk_custom_box padding_vertical=&#8221;80&#8243; padding_horizental=&#8221;50&#8243; margin_bottom=&#8221;0&#8243; min_height=&#8221;750&#8243; bg_image=&#8221;http:\/\/monstergym.net\/wp-content\/uploads\/2017\/05\/montreal-personal-trainer.jpg&#8221; bg_stretch=&#8221;true&#8221;][mk_fancy_title color=&#8221;#262626&#8243; size=&#8221;128&#8243; force_font_size=&#8221;true&#8221; size_tablet=&#8221;70&#8243; size_phone=&#8221;70&#8243; line_height=&#8221;99&#8243; font_weight=&#8221;bold&#8221; txt_transform=&#8221;uppercase&#8221; margin_bottom=&#8221;0&#8243; font_family=&#8221;Oswald&#8221; font_type=&#8221;google&#8221; responsive_align=&#8221;left&#8221;]27 Ans Un Tour De Force[\/mk_fancy_title][\/mk_custom_box][\/vc_column][vc_column [&hellip;]\" \/>\n<meta property=\"og:url\" content=\"https:\/\/monstergym.net\/fr\/a-propos-de-nous\/\" \/>\n<meta property=\"og:site_name\" content=\"Monster Gym\" \/>\n<meta property=\"article:modified_time\" content=\"2019-03-05T04:46:53+00:00\" \/>\n<meta name=\"twitter:card\" content=\"summary_large_image\" \/>\n<meta name=\"twitter:label1\" content=\"Est. reading time\" \/>\n\t<meta name=\"twitter:data1\" content=\"4 minutes\" \/>\n<script type=\"application\/ld+json\" class=\"yoast-schema-graph\">{\"@context\":\"https:\/\/schema.org\",\"@graph\":[{\"@type\":\"WebPage\",\"@id\":\"https:\/\/monstergym.net\/fr\/a-propos-de-nous\/\",\"url\":\"https:\/\/monstergym.net\/fr\/a-propos-de-nous\/\",\"name\":\"\u00c0 propos de nous - Monster Gym\",\"isPartOf\":{\"@id\":\"https:\/\/monstergym.net\/#website\"},\"datePublished\":\"2017-06-01T02:46:45+00:00\",\"dateModified\":\"2019-03-05T04:46:53+00:00\",\"breadcrumb\":{\"@id\":\"https:\/\/monstergym.net\/fr\/a-propos-de-nous\/#breadcrumb\"},\"inLanguage\":\"fr-FR\",\"potentialAction\":[{\"@type\":\"ReadAction\",\"target\":[\"https:\/\/monstergym.net\/fr\/a-propos-de-nous\/\"]}]},{\"@type\":\"BreadcrumbList\",\"@id\":\"https:\/\/monstergym.net\/fr\/a-propos-de-nous\/#breadcrumb\",\"itemListElement\":[{\"@type\":\"ListItem\",\"position\":1,\"name\":\"Home\",\"item\":\"https:\/\/monstergym.net\/fr\/\"},{\"@type\":\"ListItem\",\"position\":2,\"name\":\"\u00c0 propos de nous\"}]},{\"@type\":\"WebSite\",\"@id\":\"https:\/\/monstergym.net\/#website\",\"url\":\"https:\/\/monstergym.net\/\",\"name\":\"Monster Gym\",\"description\":\"Open 24\/7 365\",\"potentialAction\":[{\"@type\":\"SearchAction\",\"target\":{\"@type\":\"EntryPoint\",\"urlTemplate\":\"https:\/\/monstergym.net\/?s={search_term_string}\"},\"query-input\":{\"@type\":\"PropertyValueSpecification\",\"valueRequired\":true,\"valueName\":\"search_term_string\"}}],\"inLanguage\":\"fr-FR\"}]}<\/script>\n<!-- \/ Yoast SEO plugin. -->","yoast_head_json":{"title":"\u00c0 propos de nous - Monster Gym","robots":{"index":"index","follow":"follow","max-snippet":"max-snippet:-1","max-image-preview":"max-image-preview:large","max-video-preview":"max-video-preview:-1"},"canonical":"https:\/\/monstergym.net\/fr\/a-propos-de-nous\/","og_locale":"fr_FR","og_type":"article","og_title":"\u00c0 propos de nous - Monster Gym","og_description":"[mk_page_section bg_image=&#8221;http:\/\/monstergym.net\/wp-content\/uploads\/2016\/09\/aboutustop.jpg&#8221; bg_position=&#8221;center center&#8221; bg_repeat=&#8221;no-repeat&#8221; bg_stretch=&#8221;true&#8221; video_color_mask=&#8221;#000000&#8243; video_opacity=&#8221;0.5&#8243; min_height=&#8221;650&#8243; js_vertical_centered=&#8221;true&#8221; sidebar=&#8221;sidebar-1&#8243;][vc_column][mk_fancy_title tag_name=&#8221;h1&#8243; color=&#8221;#ffffff&#8221; size=&#8221;60&#8243; force_font_size=&#8221;true&#8221; size_tablet=&#8221;70&#8243; line_height=&#8221;99&#8243; font_weight=&#8221;bold&#8221; txt_transform=&#8221;uppercase&#8221; margin_bottom=&#8221;0&#8243; font_family=&#8221;Oswald&#8221; font_type=&#8221;google&#8221; align=&#8221;center&#8221;]\u00c0 propos de nous[\/mk_fancy_title][\/vc_column][\/mk_page_section][vc_row fullwidth=&#8221;true&#8221; attached=&#8221;true&#8221; css=&#8221;.vc_custom_1495431714566{background-color: #d2232a !important;}&#8221;][vc_column width=&#8221;1\/2&#8243;][mk_custom_box padding_vertical=&#8221;80&#8243; padding_horizental=&#8221;50&#8243; margin_bottom=&#8221;0&#8243; min_height=&#8221;750&#8243; bg_image=&#8221;http:\/\/monstergym.net\/wp-content\/uploads\/2017\/05\/montreal-personal-trainer.jpg&#8221; bg_stretch=&#8221;true&#8221;][mk_fancy_title color=&#8221;#262626&#8243; size=&#8221;128&#8243; force_font_size=&#8221;true&#8221; size_tablet=&#8221;70&#8243; size_phone=&#8221;70&#8243; line_height=&#8221;99&#8243; font_weight=&#8221;bold&#8221; txt_transform=&#8221;uppercase&#8221; margin_bottom=&#8221;0&#8243; font_family=&#8221;Oswald&#8221; font_type=&#8221;google&#8221; responsive_align=&#8221;left&#8221;]27 Ans Un Tour De Force[\/mk_fancy_title][\/mk_custom_box][\/vc_column][vc_column [&hellip;]","og_url":"https:\/\/monstergym.net\/fr\/a-propos-de-nous\/","og_site_name":"Monster Gym","article_modified_time":"2019-03-05T04:46:53+00:00","twitter_card":"summary_large_image","twitter_misc":{"Est. reading time":"4 minutes"},"schema":{"@context":"https:\/\/schema.org","@graph":[{"@type":"WebPage","@id":"https:\/\/monstergym.net\/fr\/a-propos-de-nous\/","url":"https:\/\/monstergym.net\/fr\/a-propos-de-nous\/","name":"\u00c0 propos de nous - Monster Gym","isPartOf":{"@id":"https:\/\/monstergym.net\/#website"},"datePublished":"2017-06-01T02:46:45+00:00","dateModified":"2019-03-05T04:46:53+00:00","breadcrumb":{"@id":"https:\/\/monstergym.net\/fr\/a-propos-de-nous\/#breadcrumb"},"inLanguage":"fr-FR","potentialAction":[{"@type":"ReadAction","target":["https:\/\/monstergym.net\/fr\/a-propos-de-nous\/"]}]},{"@type":"BreadcrumbList","@id":"https:\/\/monstergym.net\/fr\/a-propos-de-nous\/#breadcrumb","itemListElement":[{"@type":"ListItem","position":1,"name":"Home","item":"https:\/\/monstergym.net\/fr\/"},{"@type":"ListItem","position":2,"name":"\u00c0 propos de nous"}]},{"@type":"WebSite","@id":"https:\/\/monstergym.net\/#website","url":"https:\/\/monstergym.net\/","name":"Monster Gym","description":"Open 24\/7 365","potentialAction":[{"@type":"SearchAction","target":{"@type":"EntryPoint","urlTemplate":"https:\/\/monstergym.net\/?s={search_term_string}"},"query-input":{"@type":"PropertyValueSpecification","valueRequired":true,"valueName":"search_term_string"}}],"inLanguage":"fr-FR"}]}},"_links":{"self":[{"href":"https:\/\/monstergym.net\/fr\/wp-json\/wp\/v2\/pages\/691","targetHints":{"allow":["GET"]}}],"collection":[{"href":"https:\/\/monstergym.net\/fr\/wp-json\/wp\/v2\/pages"}],"about":[{"href":"https:\/\/monstergym.net\/fr\/wp-json\/wp\/v2\/types\/page"}],"author":[{"embeddable":true,"href":"https:\/\/monstergym.net\/fr\/wp-json\/wp\/v2\/users\/1"}],"replies":[{"embeddable":true,"href":"https:\/\/monstergym.net\/fr\/wp-json\/wp\/v2\/comments?post=691"}],"version-history":[{"count":5,"href":"https:\/\/monstergym.net\/fr\/wp-json\/wp\/v2\/pages\/691\/revisions"}],"predecessor-version":[{"id":1098,"href":"https:\/\/monstergym.net\/fr\/wp-json\/wp\/v2\/pages\/691\/revisions\/1098"}],"wp:attachment":[{"href":"https:\/\/monstergym.net\/fr\/wp-json\/wp\/v2\/media?parent=691"}],"curies":[{"name":"wp","href":"https:\/\/api.w.org\/{rel}","templated":true}]}}