{"id":698,"date":"2017-06-01T04:19:17","date_gmt":"2017-06-01T04:19:17","guid":{"rendered":"http:\/\/monstergym.net\/?page_id=698"},"modified":"2024-07-10T17:15:34","modified_gmt":"2024-07-10T17:15:34","slug":"contactez-nous","status":"publish","type":"page","link":"https:\/\/monstergym.net\/fr\/contactez-nous\/","title":{"rendered":"Contactez-nous"},"content":{"rendered":"<div class=\"wpb-content-wrapper\">[mk_page_section layout_structure=&#8221;half_right&#8221; bg_image=&#8221;http:\/\/monstergym.net\/wp-content\/uploads\/2016\/09\/contact-03.jpg&#8221; bg_color=&#8221;#262626&#8243; padding_top=&#8221;160&#8243; padding_bottom=&#8221;160&#8243;][vc_column][mk_fancy_title tag_name=&#8221;h4&#8243; color=&#8221;#d2232a&#8221; size=&#8221;24&#8243; font_weight=&#8221;bold&#8221; txt_transform=&#8221;uppercase&#8221; margin_bottom=&#8221;0&#8243; font_family=&#8221;Oswald&#8221; font_type=&#8221;google&#8221;]Contactez-nous[\/mk_fancy_title][vc_column_text]N\u2019h\u00e9sitez pas \u00e0 communiquer avec nous! Notre personnel qualifi\u00e9 peut r\u00e9pondre \u00e0 toutes vos questions concernant la forme physique, les prix, les entra\u00eeneurs et bien s\u00fbr tous nos excellents services![\/vc_column_text][vc_column_text disable_pattern=&#8221;false&#8221; margin_bottom=&#8221;40&#8243;]\n<div style=\"font-size: 24px; color: #bbbbbb; line-height: 1.25em;\">Situ\u00e9 dans Fitness City<br \/>\n2101 route Trans-Canada<br \/>\nDorval, QC H9P 1J1<br \/>\nCanada<\/div>\n[\/vc_column_text][vc_column_text disable_pattern=&#8221;false&#8221; margin_bottom=&#8221;40&#8243; css=&#8221;.vc_custom_1720631731840{margin-bottom: 40px !important;}&#8221;]\n<div style=\"font-size: 24px; color: #bbbbbb; line-height: 1.25em;\">T\u00e9l\u00e9phone : 514 421-0014<br \/>\nCourriel : <a href=\"mailto:info@monstergym.net\">info@monstergym.net<\/a><\/div>\n[\/vc_column_text][mk_social_networks size=&#8221;xx-large&#8221; style=&#8221;simple-rounded&#8221; border_color=&#8221;#444444&#8243; bg_color=&#8221;#262626&#8243; bg_hover_color=&#8221;#e30021&#8243; icon_color=&#8221;#444444&#8243; icon_hover_color=&#8221;#262626&#8243; facebook=&#8221;https:\/\/www.facebook.com\/monstergymmtl\/&#8221; twitter=&#8221;https:\/\/twitter.com\/monstergymmtl&#8221; instagram=&#8221;https:\/\/www.instagram.com\/monstergym\/&#8221;][\/vc_column][\/mk_page_section][vc_row fullwidth=&#8221;true&#8221; attached=&#8221;true&#8221;][vc_column width=&#8221;1\/2&#8243;][mk_custom_box padding_vertical=&#8221;80&#8243; padding_horizental=&#8221;100&#8243; margin_bottom=&#8221;0&#8243; min_height=&#8221;750&#8243; bg_image=&#8221;http:\/\/monstergym.net\/wp-content\/uploads\/2016\/09\/contact-01.jpg&#8221; bg_stretch=&#8221;true&#8221;][mk_fancy_title color=&#8221;#ffffff&#8221; size=&#8221;98&#8243; force_font_size=&#8221;true&#8221; size_tablet=&#8221;50&#8243; font_weight=&#8221;bold&#8221; txt_transform=&#8221;uppercase&#8221; margin_bottom=&#8221;0&#8243; font_family=&#8221;Oswald&#8221; font_type=&#8221;google&#8221;]surpassez<br \/>\ntoujours<br \/>\nvos<br \/>\n<span style=\"color: #e30021;\">limites<\/span>[\/mk_fancy_title][\/mk_custom_box][\/vc_column][vc_column width=&#8221;1\/2&#8243;][mk_custom_box padding_vertical=&#8221;80&#8243; padding_horizental=&#8221;120&#8243; margin_bottom=&#8221;0&#8243; min_height=&#8221;750&#8243; bg_image=&#8221;http:\/\/monstergym.net\/wp-content\/uploads\/2016\/09\/contact-02.jpg&#8221; bg_position=&#8221;center top&#8221; bg_stretch=&#8221;true&#8221;][\/mk_custom_box][\/vc_column][\/vc_row]\n<\/div>","protected":false},"excerpt":{"rendered":"<p>[mk_page_section layout_structure=&#8221;half_right&#8221; bg_image=&#8221;http:\/\/monstergym.net\/wp-content\/uploads\/2016\/09\/contact-03.jpg&#8221; bg_color=&#8221;#262626&#8243; padding_top=&#8221;160&#8243; padding_bottom=&#8221;160&#8243;][vc_column][mk_fancy_title tag_name=&#8221;h4&#8243; color=&#8221;#d2232a&#8221; size=&#8221;24&#8243; font_weight=&#8221;bold&#8221; txt_transform=&#8221;uppercase&#8221; margin_bottom=&#8221;0&#8243; font_family=&#8221;Oswald&#8221; font_type=&#8221;google&#8221;]Contactez-nous[\/mk_fancy_title][vc_column_text]N\u2019h\u00e9sitez pas \u00e0 communiquer avec nous! Notre personnel qualifi\u00e9 peut r\u00e9pondre \u00e0 toutes vos questions concernant la forme physique, les prix, les entra\u00eeneurs et bien s\u00fbr tous nos excellents services![\/vc_column_text][vc_column_text disable_pattern=&#8221;false&#8221; margin_bottom=&#8221;40&#8243;] Situ\u00e9 dans Fitness City 2101 route Trans-Canada Dorval, QC H9P [&hellip;]<\/p>\n","protected":false},"author":1,"featured_media":0,"parent":0,"menu_order":0,"comment_status":"closed","ping_status":"closed","template":"","meta":{"footnotes":""},"class_list":["post-698","page","type-page","status-publish","hentry"],"yoast_head":"<!-- This site is optimized with the Yoast SEO plugin v26.9 - https:\/\/yoast.com\/product\/yoast-seo-wordpress\/ -->\n<title>Contactez-nous - Monster Gym<\/title>\n<meta name=\"robots\" content=\"index, follow, max-snippet:-1, max-image-preview:large, max-video-preview:-1\" \/>\n<link rel=\"canonical\" href=\"https:\/\/monstergym.net\/fr\/contactez-nous\/\" \/>\n<meta property=\"og:locale\" content=\"fr_FR\" \/>\n<meta property=\"og:type\" content=\"article\" \/>\n<meta property=\"og:title\" content=\"Contactez-nous - Monster Gym\" \/>\n<meta property=\"og:description\" content=\"[mk_page_section layout_structure=&#8221;half_right&#8221; bg_image=&#8221;http:\/\/monstergym.net\/wp-content\/uploads\/2016\/09\/contact-03.jpg&#8221; bg_color=&#8221;#262626&#8243; padding_top=&#8221;160&#8243; padding_bottom=&#8221;160&#8243;][vc_column][mk_fancy_title tag_name=&#8221;h4&#8243; color=&#8221;#d2232a&#8221; size=&#8221;24&#8243; font_weight=&#8221;bold&#8221; txt_transform=&#8221;uppercase&#8221; margin_bottom=&#8221;0&#8243; font_family=&#8221;Oswald&#8221; font_type=&#8221;google&#8221;]Contactez-nous[\/mk_fancy_title][vc_column_text]N\u2019h\u00e9sitez pas \u00e0 communiquer avec nous! Notre personnel qualifi\u00e9 peut r\u00e9pondre \u00e0 toutes vos questions concernant la forme physique, les prix, les entra\u00eeneurs et bien s\u00fbr tous nos excellents services![\/vc_column_text][vc_column_text disable_pattern=&#8221;false&#8221; margin_bottom=&#8221;40&#8243;] Situ\u00e9 dans Fitness City 2101 route Trans-Canada Dorval, QC H9P [&hellip;]\" \/>\n<meta property=\"og:url\" content=\"https:\/\/monstergym.net\/fr\/contactez-nous\/\" \/>\n<meta property=\"og:site_name\" content=\"Monster Gym\" \/>\n<meta property=\"article:modified_time\" content=\"2024-07-10T17:15:34+00:00\" \/>\n<meta name=\"twitter:card\" content=\"summary_large_image\" \/>\n<meta name=\"twitter:label1\" content=\"Est. reading time\" \/>\n\t<meta name=\"twitter:data1\" content=\"1 minute\" \/>\n<script type=\"application\/ld+json\" class=\"yoast-schema-graph\">{\"@context\":\"https:\/\/schema.org\",\"@graph\":[{\"@type\":\"WebPage\",\"@id\":\"https:\/\/monstergym.net\/fr\/contactez-nous\/\",\"url\":\"https:\/\/monstergym.net\/fr\/contactez-nous\/\",\"name\":\"Contactez-nous - Monster Gym\",\"isPartOf\":{\"@id\":\"https:\/\/monstergym.net\/#website\"},\"datePublished\":\"2017-06-01T04:19:17+00:00\",\"dateModified\":\"2024-07-10T17:15:34+00:00\",\"breadcrumb\":{\"@id\":\"https:\/\/monstergym.net\/fr\/contactez-nous\/#breadcrumb\"},\"inLanguage\":\"fr-FR\",\"potentialAction\":[{\"@type\":\"ReadAction\",\"target\":[\"https:\/\/monstergym.net\/fr\/contactez-nous\/\"]}]},{\"@type\":\"BreadcrumbList\",\"@id\":\"https:\/\/monstergym.net\/fr\/contactez-nous\/#breadcrumb\",\"itemListElement\":[{\"@type\":\"ListItem\",\"position\":1,\"name\":\"Home\",\"item\":\"https:\/\/monstergym.net\/fr\/\"},{\"@type\":\"ListItem\",\"position\":2,\"name\":\"Contactez-nous\"}]},{\"@type\":\"WebSite\",\"@id\":\"https:\/\/monstergym.net\/#website\",\"url\":\"https:\/\/monstergym.net\/\",\"name\":\"Monster Gym\",\"description\":\"Open 24\/7 365\",\"potentialAction\":[{\"@type\":\"SearchAction\",\"target\":{\"@type\":\"EntryPoint\",\"urlTemplate\":\"https:\/\/monstergym.net\/?s={search_term_string}\"},\"query-input\":{\"@type\":\"PropertyValueSpecification\",\"valueRequired\":true,\"valueName\":\"search_term_string\"}}],\"inLanguage\":\"fr-FR\"}]}<\/script>\n<!-- \/ Yoast SEO plugin. -->","yoast_head_json":{"title":"Contactez-nous - Monster Gym","robots":{"index":"index","follow":"follow","max-snippet":"max-snippet:-1","max-image-preview":"max-image-preview:large","max-video-preview":"max-video-preview:-1"},"canonical":"https:\/\/monstergym.net\/fr\/contactez-nous\/","og_locale":"fr_FR","og_type":"article","og_title":"Contactez-nous - Monster Gym","og_description":"[mk_page_section layout_structure=&#8221;half_right&#8221; bg_image=&#8221;http:\/\/monstergym.net\/wp-content\/uploads\/2016\/09\/contact-03.jpg&#8221; bg_color=&#8221;#262626&#8243; padding_top=&#8221;160&#8243; padding_bottom=&#8221;160&#8243;][vc_column][mk_fancy_title tag_name=&#8221;h4&#8243; color=&#8221;#d2232a&#8221; size=&#8221;24&#8243; font_weight=&#8221;bold&#8221; txt_transform=&#8221;uppercase&#8221; margin_bottom=&#8221;0&#8243; font_family=&#8221;Oswald&#8221; font_type=&#8221;google&#8221;]Contactez-nous[\/mk_fancy_title][vc_column_text]N\u2019h\u00e9sitez pas \u00e0 communiquer avec nous! Notre personnel qualifi\u00e9 peut r\u00e9pondre \u00e0 toutes vos questions concernant la forme physique, les prix, les entra\u00eeneurs et bien s\u00fbr tous nos excellents services![\/vc_column_text][vc_column_text disable_pattern=&#8221;false&#8221; margin_bottom=&#8221;40&#8243;] Situ\u00e9 dans Fitness City 2101 route Trans-Canada Dorval, QC H9P [&hellip;]","og_url":"https:\/\/monstergym.net\/fr\/contactez-nous\/","og_site_name":"Monster Gym","article_modified_time":"2024-07-10T17:15:34+00:00","twitter_card":"summary_large_image","twitter_misc":{"Est. reading time":"1 minute"},"schema":{"@context":"https:\/\/schema.org","@graph":[{"@type":"WebPage","@id":"https:\/\/monstergym.net\/fr\/contactez-nous\/","url":"https:\/\/monstergym.net\/fr\/contactez-nous\/","name":"Contactez-nous - Monster Gym","isPartOf":{"@id":"https:\/\/monstergym.net\/#website"},"datePublished":"2017-06-01T04:19:17+00:00","dateModified":"2024-07-10T17:15:34+00:00","breadcrumb":{"@id":"https:\/\/monstergym.net\/fr\/contactez-nous\/#breadcrumb"},"inLanguage":"fr-FR","potentialAction":[{"@type":"ReadAction","target":["https:\/\/monstergym.net\/fr\/contactez-nous\/"]}]},{"@type":"BreadcrumbList","@id":"https:\/\/monstergym.net\/fr\/contactez-nous\/#breadcrumb","itemListElement":[{"@type":"ListItem","position":1,"name":"Home","item":"https:\/\/monstergym.net\/fr\/"},{"@type":"ListItem","position":2,"name":"Contactez-nous"}]},{"@type":"WebSite","@id":"https:\/\/monstergym.net\/#website","url":"https:\/\/monstergym.net\/","name":"Monster Gym","description":"Open 24\/7 365","potentialAction":[{"@type":"SearchAction","target":{"@type":"EntryPoint","urlTemplate":"https:\/\/monstergym.net\/?s={search_term_string}"},"query-input":{"@type":"PropertyValueSpecification","valueRequired":true,"valueName":"search_term_string"}}],"inLanguage":"fr-FR"}]}},"_links":{"self":[{"href":"https:\/\/monstergym.net\/fr\/wp-json\/wp\/v2\/pages\/698","targetHints":{"allow":["GET"]}}],"collection":[{"href":"https:\/\/monstergym.net\/fr\/wp-json\/wp\/v2\/pages"}],"about":[{"href":"https:\/\/monstergym.net\/fr\/wp-json\/wp\/v2\/types\/page"}],"author":[{"embeddable":true,"href":"https:\/\/monstergym.net\/fr\/wp-json\/wp\/v2\/users\/1"}],"replies":[{"embeddable":true,"href":"https:\/\/monstergym.net\/fr\/wp-json\/wp\/v2\/comments?post=698"}],"version-history":[{"count":6,"href":"https:\/\/monstergym.net\/fr\/wp-json\/wp\/v2\/pages\/698\/revisions"}],"predecessor-version":[{"id":1200,"href":"https:\/\/monstergym.net\/fr\/wp-json\/wp\/v2\/pages\/698\/revisions\/1200"}],"wp:attachment":[{"href":"https:\/\/monstergym.net\/fr\/wp-json\/wp\/v2\/media?parent=698"}],"curies":[{"name":"wp","href":"https:\/\/api.w.org\/{rel}","templated":true}]}}