{"id":710,"date":"2017-06-01T05:07:48","date_gmt":"2017-06-01T05:07:48","guid":{"rendered":"http:\/\/monstergym.net\/?page_id=710"},"modified":"2023-02-06T20:10:40","modified_gmt":"2023-02-06T20:10:40","slug":"entraineurs-personnels","status":"publish","type":"page","link":"https:\/\/monstergym.net\/fr\/entraineurs-personnels\/","title":{"rendered":"Entra\u00eeneurs personnels"},"content":{"rendered":"<div class=\"wpb-content-wrapper\">[mk_page_section bg_image=&#8221;http:\/\/monstergym.net\/wp-content\/uploads\/2017\/05\/montreal-personal-trainer-main.jpg&#8221; bg_position=&#8221;center center&#8221; bg_repeat=&#8221;no-repeat&#8221; bg_stretch=&#8221;true&#8221; video_color_mask=&#8221;#000000&#8243; video_opacity=&#8221;0.5&#8243; min_height=&#8221;650&#8243; js_vertical_centered=&#8221;true&#8221; sidebar=&#8221;sidebar-1&#8243;][vc_column][mk_fancy_title tag_name=&#8221;h1&#8243; color=&#8221;#ffffff&#8221; size=&#8221;60&#8243; force_font_size=&#8221;true&#8221; size_tablet=&#8221;70&#8243; line_height=&#8221;99&#8243; font_weight=&#8221;bold&#8221; txt_transform=&#8221;uppercase&#8221; margin_bottom=&#8221;0&#8243; font_family=&#8221;Oswald&#8221; font_type=&#8221;google&#8221; align=&#8221;center&#8221;]Entra\u00eeneurs personnels[\/mk_fancy_title][\/vc_column][\/mk_page_section][vc_row fullwidth=&#8221;true&#8221; attached=&#8221;true&#8221; css=&#8221;.vc_custom_1495431714566{background-color: #d2232a !important;}&#8221;][vc_column width=&#8221;1\/2&#8243;][mk_custom_box padding_vertical=&#8221;0&#8243; padding_horizental=&#8221;50&#8243; margin_bottom=&#8221;0&#8243; min_height=&#8221;850&#8243; bg_image=&#8221;http:\/\/monstergym.net\/wp-content\/uploads\/2017\/05\/personaltraining-monstergym-02.jpg&#8221; bg_position=&#8221;center top&#8221; bg_stretch=&#8221;true&#8221;][\/mk_custom_box][mk_custom_box padding_vertical=&#8221;0&#8243; padding_horizental=&#8221;50&#8243; margin_bottom=&#8221;0&#8243; min_height=&#8221;850&#8243; bg_image=&#8221;http:\/\/monstergym.net\/wp-content\/uploads\/2017\/05\/personaltraining-monstergym-03.jpg&#8221; bg_position=&#8221;center top&#8221; bg_stretch=&#8221;true&#8221;][\/mk_custom_box][\/vc_column][vc_column width=&#8221;1\/2&#8243;][mk_custom_box padding_vertical=&#8221;70&#8243; padding_horizental=&#8221;50&#8243; margin_bottom=&#8221;0&#8243; min_height=&#8221;750&#8243;][mk_padding_divider size=&#8221;20&#8243; visibility=&#8221;visible-sm&#8221;][mk_fancy_title tag_name=&#8221;h5&#8243; color=&#8221;#ffffff&#8221; size=&#8221;72&#8243; force_font_size=&#8221;true&#8221; size_tablet=&#8221;50&#8243; line_height=&#8221;99&#8243; font_weight=&#8221;bold&#8221; txt_transform=&#8221;uppercase&#8221; font_family=&#8221;Oswald&#8221; font_type=&#8221;google&#8221; responsive_align=&#8221;left&#8221;]Nos entra\u00eeneurs personnels[\/mk_fancy_title][vc_column_text]Chez Monster Gym, nous disposons de plusieurs entra\u00eeneurs personnels, \u00e0 l\u2019interne ou sur une base contractuelle. Nos entra\u00eeneurs personnels ind\u00e9pendants de Montr\u00e9al sont tous certifi\u00e9s et form\u00e9s dans plusieurs sp\u00e9cialit\u00e9s. Vous pouvez donc choisir de vous entra\u00eener selon vos besoins et votre budget.<\/p>\n<hr \/>\n[\/vc_column_text][\/mk_custom_box][\/vc_column][\/vc_row][vc_row fullwidth=&#8221;true&#8221; fullwidth_content=&#8221;false&#8221; css=&#8221;.vc_custom_1490057868750{background-image: url(http:\/\/monstergym.net\/wp-content\/uploads\/2016\/09\/section4.jpg?id=162) !important;background-position: center !important;background-repeat: no-repeat !important;background-size: cover !important;}&#8221;][vc_column][vc_row_inner][vc_column_inner][mk_testimonials title=&#8221;T\u00e9moignages&#8221; skin=&#8221;light&#8221; text_color=&#8221;#ffffff&#8221; author_color=&#8221;#ffffff&#8221; skill_color=&#8221;#ffffff&#8221; font_weight=&#8221;400&#8243; font_style=&#8221;normal&#8221; text_transform=&#8221;none&#8221;][\/vc_column_inner][\/vc_row_inner][\/vc_column][\/vc_row]\n<\/div>","protected":false},"excerpt":{"rendered":"<p>[mk_page_section bg_image=&#8221;http:\/\/monstergym.net\/wp-content\/uploads\/2017\/05\/montreal-personal-trainer-main.jpg&#8221; bg_position=&#8221;center center&#8221; bg_repeat=&#8221;no-repeat&#8221; bg_stretch=&#8221;true&#8221; video_color_mask=&#8221;#000000&#8243; video_opacity=&#8221;0.5&#8243; min_height=&#8221;650&#8243; js_vertical_centered=&#8221;true&#8221; sidebar=&#8221;sidebar-1&#8243;][vc_column][mk_fancy_title tag_name=&#8221;h1&#8243; color=&#8221;#ffffff&#8221; size=&#8221;60&#8243; force_font_size=&#8221;true&#8221; size_tablet=&#8221;70&#8243; line_height=&#8221;99&#8243; font_weight=&#8221;bold&#8221; txt_transform=&#8221;uppercase&#8221; margin_bottom=&#8221;0&#8243; font_family=&#8221;Oswald&#8221; font_type=&#8221;google&#8221; align=&#8221;center&#8221;]Entra\u00eeneurs personnels[\/mk_fancy_title][\/vc_column][\/mk_page_section][vc_row fullwidth=&#8221;true&#8221; attached=&#8221;true&#8221; css=&#8221;.vc_custom_1495431714566{background-color: #d2232a !important;}&#8221;][vc_column width=&#8221;1\/2&#8243;][mk_custom_box padding_vertical=&#8221;0&#8243; padding_horizental=&#8221;50&#8243; margin_bottom=&#8221;0&#8243; min_height=&#8221;850&#8243; bg_image=&#8221;http:\/\/monstergym.net\/wp-content\/uploads\/2017\/05\/personaltraining-monstergym-02.jpg&#8221; bg_position=&#8221;center top&#8221; bg_stretch=&#8221;true&#8221;][\/mk_custom_box][mk_custom_box padding_vertical=&#8221;0&#8243; padding_horizental=&#8221;50&#8243; margin_bottom=&#8221;0&#8243; min_height=&#8221;850&#8243; bg_image=&#8221;http:\/\/monstergym.net\/wp-content\/uploads\/2017\/05\/personaltraining-monstergym-03.jpg&#8221; bg_position=&#8221;center top&#8221; bg_stretch=&#8221;true&#8221;][\/mk_custom_box][\/vc_column][vc_column width=&#8221;1\/2&#8243;][mk_custom_box padding_vertical=&#8221;70&#8243; padding_horizental=&#8221;50&#8243; margin_bottom=&#8221;0&#8243; min_height=&#8221;750&#8243;][mk_padding_divider size=&#8221;20&#8243; visibility=&#8221;visible-sm&#8221;][mk_fancy_title tag_name=&#8221;h5&#8243; color=&#8221;#ffffff&#8221; [&hellip;]<\/p>\n","protected":false},"author":1,"featured_media":0,"parent":0,"menu_order":0,"comment_status":"closed","ping_status":"closed","template":"","meta":{"footnotes":""},"class_list":["post-710","page","type-page","status-publish","hentry"],"yoast_head":"<!-- This site is optimized with the Yoast SEO plugin v26.9 - https:\/\/yoast.com\/product\/yoast-seo-wordpress\/ -->\n<title>Entra\u00eeneurs personnels - Monster Gym<\/title>\n<meta name=\"robots\" content=\"index, follow, max-snippet:-1, max-image-preview:large, max-video-preview:-1\" \/>\n<link rel=\"canonical\" href=\"https:\/\/monstergym.net\/fr\/entraineurs-personnels\/\" \/>\n<meta property=\"og:locale\" content=\"fr_FR\" \/>\n<meta property=\"og:type\" content=\"article\" \/>\n<meta property=\"og:title\" content=\"Entra\u00eeneurs personnels - Monster Gym\" \/>\n<meta property=\"og:description\" content=\"[mk_page_section bg_image=&#8221;http:\/\/monstergym.net\/wp-content\/uploads\/2017\/05\/montreal-personal-trainer-main.jpg&#8221; bg_position=&#8221;center center&#8221; bg_repeat=&#8221;no-repeat&#8221; bg_stretch=&#8221;true&#8221; video_color_mask=&#8221;#000000&#8243; video_opacity=&#8221;0.5&#8243; min_height=&#8221;650&#8243; js_vertical_centered=&#8221;true&#8221; sidebar=&#8221;sidebar-1&#8243;][vc_column][mk_fancy_title tag_name=&#8221;h1&#8243; color=&#8221;#ffffff&#8221; size=&#8221;60&#8243; force_font_size=&#8221;true&#8221; size_tablet=&#8221;70&#8243; line_height=&#8221;99&#8243; font_weight=&#8221;bold&#8221; txt_transform=&#8221;uppercase&#8221; margin_bottom=&#8221;0&#8243; font_family=&#8221;Oswald&#8221; font_type=&#8221;google&#8221; align=&#8221;center&#8221;]Entra\u00eeneurs personnels[\/mk_fancy_title][\/vc_column][\/mk_page_section][vc_row fullwidth=&#8221;true&#8221; attached=&#8221;true&#8221; css=&#8221;.vc_custom_1495431714566{background-color: #d2232a !important;}&#8221;][vc_column width=&#8221;1\/2&#8243;][mk_custom_box padding_vertical=&#8221;0&#8243; padding_horizental=&#8221;50&#8243; margin_bottom=&#8221;0&#8243; min_height=&#8221;850&#8243; bg_image=&#8221;http:\/\/monstergym.net\/wp-content\/uploads\/2017\/05\/personaltraining-monstergym-02.jpg&#8221; bg_position=&#8221;center top&#8221; bg_stretch=&#8221;true&#8221;][\/mk_custom_box][mk_custom_box padding_vertical=&#8221;0&#8243; padding_horizental=&#8221;50&#8243; margin_bottom=&#8221;0&#8243; min_height=&#8221;850&#8243; bg_image=&#8221;http:\/\/monstergym.net\/wp-content\/uploads\/2017\/05\/personaltraining-monstergym-03.jpg&#8221; bg_position=&#8221;center top&#8221; bg_stretch=&#8221;true&#8221;][\/mk_custom_box][\/vc_column][vc_column width=&#8221;1\/2&#8243;][mk_custom_box padding_vertical=&#8221;70&#8243; padding_horizental=&#8221;50&#8243; margin_bottom=&#8221;0&#8243; min_height=&#8221;750&#8243;][mk_padding_divider size=&#8221;20&#8243; visibility=&#8221;visible-sm&#8221;][mk_fancy_title tag_name=&#8221;h5&#8243; color=&#8221;#ffffff&#8221; [&hellip;]\" \/>\n<meta property=\"og:url\" content=\"https:\/\/monstergym.net\/fr\/entraineurs-personnels\/\" \/>\n<meta property=\"og:site_name\" content=\"Monster Gym\" \/>\n<meta property=\"article:modified_time\" content=\"2023-02-06T20:10:40+00:00\" \/>\n<meta name=\"twitter:card\" content=\"summary_large_image\" \/>\n<meta name=\"twitter:label1\" content=\"Est. reading time\" \/>\n\t<meta name=\"twitter:data1\" content=\"1 minute\" \/>\n<script type=\"application\/ld+json\" class=\"yoast-schema-graph\">{\"@context\":\"https:\/\/schema.org\",\"@graph\":[{\"@type\":\"WebPage\",\"@id\":\"https:\/\/monstergym.net\/fr\/entraineurs-personnels\/\",\"url\":\"https:\/\/monstergym.net\/fr\/entraineurs-personnels\/\",\"name\":\"Entra\u00eeneurs personnels - Monster Gym\",\"isPartOf\":{\"@id\":\"https:\/\/monstergym.net\/#website\"},\"datePublished\":\"2017-06-01T05:07:48+00:00\",\"dateModified\":\"2023-02-06T20:10:40+00:00\",\"breadcrumb\":{\"@id\":\"https:\/\/monstergym.net\/fr\/entraineurs-personnels\/#breadcrumb\"},\"inLanguage\":\"fr-FR\",\"potentialAction\":[{\"@type\":\"ReadAction\",\"target\":[\"https:\/\/monstergym.net\/fr\/entraineurs-personnels\/\"]}]},{\"@type\":\"BreadcrumbList\",\"@id\":\"https:\/\/monstergym.net\/fr\/entraineurs-personnels\/#breadcrumb\",\"itemListElement\":[{\"@type\":\"ListItem\",\"position\":1,\"name\":\"Home\",\"item\":\"https:\/\/monstergym.net\/fr\/\"},{\"@type\":\"ListItem\",\"position\":2,\"name\":\"Entra\u00eeneurs personnels\"}]},{\"@type\":\"WebSite\",\"@id\":\"https:\/\/monstergym.net\/#website\",\"url\":\"https:\/\/monstergym.net\/\",\"name\":\"Monster Gym\",\"description\":\"Open 24\/7 365\",\"potentialAction\":[{\"@type\":\"SearchAction\",\"target\":{\"@type\":\"EntryPoint\",\"urlTemplate\":\"https:\/\/monstergym.net\/?s={search_term_string}\"},\"query-input\":{\"@type\":\"PropertyValueSpecification\",\"valueRequired\":true,\"valueName\":\"search_term_string\"}}],\"inLanguage\":\"fr-FR\"}]}<\/script>\n<!-- \/ Yoast SEO plugin. -->","yoast_head_json":{"title":"Entra\u00eeneurs personnels - Monster Gym","robots":{"index":"index","follow":"follow","max-snippet":"max-snippet:-1","max-image-preview":"max-image-preview:large","max-video-preview":"max-video-preview:-1"},"canonical":"https:\/\/monstergym.net\/fr\/entraineurs-personnels\/","og_locale":"fr_FR","og_type":"article","og_title":"Entra\u00eeneurs personnels - Monster Gym","og_description":"[mk_page_section bg_image=&#8221;http:\/\/monstergym.net\/wp-content\/uploads\/2017\/05\/montreal-personal-trainer-main.jpg&#8221; bg_position=&#8221;center center&#8221; bg_repeat=&#8221;no-repeat&#8221; bg_stretch=&#8221;true&#8221; video_color_mask=&#8221;#000000&#8243; video_opacity=&#8221;0.5&#8243; min_height=&#8221;650&#8243; js_vertical_centered=&#8221;true&#8221; sidebar=&#8221;sidebar-1&#8243;][vc_column][mk_fancy_title tag_name=&#8221;h1&#8243; color=&#8221;#ffffff&#8221; size=&#8221;60&#8243; force_font_size=&#8221;true&#8221; size_tablet=&#8221;70&#8243; line_height=&#8221;99&#8243; font_weight=&#8221;bold&#8221; txt_transform=&#8221;uppercase&#8221; margin_bottom=&#8221;0&#8243; font_family=&#8221;Oswald&#8221; font_type=&#8221;google&#8221; align=&#8221;center&#8221;]Entra\u00eeneurs personnels[\/mk_fancy_title][\/vc_column][\/mk_page_section][vc_row fullwidth=&#8221;true&#8221; attached=&#8221;true&#8221; css=&#8221;.vc_custom_1495431714566{background-color: #d2232a !important;}&#8221;][vc_column width=&#8221;1\/2&#8243;][mk_custom_box padding_vertical=&#8221;0&#8243; padding_horizental=&#8221;50&#8243; margin_bottom=&#8221;0&#8243; min_height=&#8221;850&#8243; bg_image=&#8221;http:\/\/monstergym.net\/wp-content\/uploads\/2017\/05\/personaltraining-monstergym-02.jpg&#8221; bg_position=&#8221;center top&#8221; bg_stretch=&#8221;true&#8221;][\/mk_custom_box][mk_custom_box padding_vertical=&#8221;0&#8243; padding_horizental=&#8221;50&#8243; margin_bottom=&#8221;0&#8243; min_height=&#8221;850&#8243; bg_image=&#8221;http:\/\/monstergym.net\/wp-content\/uploads\/2017\/05\/personaltraining-monstergym-03.jpg&#8221; bg_position=&#8221;center top&#8221; bg_stretch=&#8221;true&#8221;][\/mk_custom_box][\/vc_column][vc_column width=&#8221;1\/2&#8243;][mk_custom_box padding_vertical=&#8221;70&#8243; padding_horizental=&#8221;50&#8243; margin_bottom=&#8221;0&#8243; min_height=&#8221;750&#8243;][mk_padding_divider size=&#8221;20&#8243; visibility=&#8221;visible-sm&#8221;][mk_fancy_title tag_name=&#8221;h5&#8243; color=&#8221;#ffffff&#8221; [&hellip;]","og_url":"https:\/\/monstergym.net\/fr\/entraineurs-personnels\/","og_site_name":"Monster Gym","article_modified_time":"2023-02-06T20:10:40+00:00","twitter_card":"summary_large_image","twitter_misc":{"Est. reading time":"1 minute"},"schema":{"@context":"https:\/\/schema.org","@graph":[{"@type":"WebPage","@id":"https:\/\/monstergym.net\/fr\/entraineurs-personnels\/","url":"https:\/\/monstergym.net\/fr\/entraineurs-personnels\/","name":"Entra\u00eeneurs personnels - Monster Gym","isPartOf":{"@id":"https:\/\/monstergym.net\/#website"},"datePublished":"2017-06-01T05:07:48+00:00","dateModified":"2023-02-06T20:10:40+00:00","breadcrumb":{"@id":"https:\/\/monstergym.net\/fr\/entraineurs-personnels\/#breadcrumb"},"inLanguage":"fr-FR","potentialAction":[{"@type":"ReadAction","target":["https:\/\/monstergym.net\/fr\/entraineurs-personnels\/"]}]},{"@type":"BreadcrumbList","@id":"https:\/\/monstergym.net\/fr\/entraineurs-personnels\/#breadcrumb","itemListElement":[{"@type":"ListItem","position":1,"name":"Home","item":"https:\/\/monstergym.net\/fr\/"},{"@type":"ListItem","position":2,"name":"Entra\u00eeneurs personnels"}]},{"@type":"WebSite","@id":"https:\/\/monstergym.net\/#website","url":"https:\/\/monstergym.net\/","name":"Monster Gym","description":"Open 24\/7 365","potentialAction":[{"@type":"SearchAction","target":{"@type":"EntryPoint","urlTemplate":"https:\/\/monstergym.net\/?s={search_term_string}"},"query-input":{"@type":"PropertyValueSpecification","valueRequired":true,"valueName":"search_term_string"}}],"inLanguage":"fr-FR"}]}},"_links":{"self":[{"href":"https:\/\/monstergym.net\/fr\/wp-json\/wp\/v2\/pages\/710","targetHints":{"allow":["GET"]}}],"collection":[{"href":"https:\/\/monstergym.net\/fr\/wp-json\/wp\/v2\/pages"}],"about":[{"href":"https:\/\/monstergym.net\/fr\/wp-json\/wp\/v2\/types\/page"}],"author":[{"embeddable":true,"href":"https:\/\/monstergym.net\/fr\/wp-json\/wp\/v2\/users\/1"}],"replies":[{"embeddable":true,"href":"https:\/\/monstergym.net\/fr\/wp-json\/wp\/v2\/comments?post=710"}],"version-history":[{"count":15,"href":"https:\/\/monstergym.net\/fr\/wp-json\/wp\/v2\/pages\/710\/revisions"}],"predecessor-version":[{"id":1151,"href":"https:\/\/monstergym.net\/fr\/wp-json\/wp\/v2\/pages\/710\/revisions\/1151"}],"wp:attachment":[{"href":"https:\/\/monstergym.net\/fr\/wp-json\/wp\/v2\/media?parent=710"}],"curies":[{"name":"wp","href":"https:\/\/api.w.org\/{rel}","templated":true}]}}