{"id":718,"date":"2017-06-01T05:56:09","date_gmt":"2017-06-01T05:56:09","guid":{"rendered":"http:\/\/monstergym.net\/?page_id=718"},"modified":"2025-09-02T01:33:13","modified_gmt":"2025-09-02T01:33:13","slug":"membership","status":"publish","type":"page","link":"https:\/\/monstergym.net\/fr\/membership\/","title":{"rendered":"Tarifs d\u2019abonnement"},"content":{"rendered":"<div class=\"wpb-content-wrapper\">[mk_page_section bg_image=&#8221;http:\/\/monstergym.net\/wp-content\/uploads\/2017\/04\/membershiptop.jpg&#8221; bg_position=&#8221;center center&#8221; bg_repeat=&#8221;no-repeat&#8221; bg_stretch=&#8221;true&#8221; video_color_mask=&#8221;#000000&#8243; video_opacity=&#8221;0.5&#8243; min_height=&#8221;650&#8243; js_vertical_centered=&#8221;true&#8221; sidebar=&#8221;sidebar-1&#8243;][vc_column][mk_fancy_title tag_name=&#8221;h1&#8243; color=&#8221;#ffffff&#8221; size=&#8221;60&#8243; force_font_size=&#8221;true&#8221; size_tablet=&#8221;70&#8243; line_height=&#8221;99&#8243; font_weight=&#8221;bold&#8221; txt_transform=&#8221;uppercase&#8221; margin_bottom=&#8221;0&#8243; font_family=&#8221;Oswald&#8221; font_type=&#8221;google&#8221; align=&#8221;center&#8221;]Tarifs d\u2019abonnement[\/mk_fancy_title][\/vc_column][\/mk_page_section][vc_row fullwidth=&#8221;true&#8221; attached=&#8221;true&#8221; css=&#8221;.vc_custom_1495509993481{background-color: #d2232a !important;}&#8221;][vc_column width=&#8221;1\/2&#8243;][mk_custom_box padding_vertical=&#8221;0&#8243; padding_horizental=&#8221;50&#8243; margin_bottom=&#8221;0&#8243; min_height=&#8221;640&#8243; bg_image=&#8221;http:\/\/monstergym.net\/wp-content\/uploads\/2017\/05\/personaltrainer.jpg&#8221; bg_position=&#8221;left center&#8221; bg_stretch=&#8221;true&#8221;][\/mk_custom_box][\/vc_column][vc_column width=&#8221;1\/2&#8243;][mk_custom_box padding_vertical=&#8221;50&#8243; padding_horizental=&#8221;50&#8243; margin_bottom=&#8221;0&#8243; min_height=&#8221;640&#8243; bg_stretch=&#8221;true&#8221;][mk_fancy_title color=&#8221;#262626&#8243; size=&#8221;70&#8243; force_font_size=&#8221;true&#8221; size_tablet=&#8221;50&#8243; line_height=&#8221;98&#8243; font_weight=&#8221;bold&#8221; txt_transform=&#8221;uppercase&#8221; margin_bottom=&#8221;0&#8243; font_family=&#8221;Oswald&#8221; font_type=&#8221;google&#8221; responsive_align=&#8221;left&#8221;]<span style=\"color: #262626;\">Toujours ouvert!<\/span><br \/>\n<span style=\"color: #fff;\">24\/7\/365<\/span>[\/mk_fancy_title][vc_column_text disable_pattern=&#8221;false&#8221;]Monster Gym propose toute une vari\u00e9t\u00e9 d\u2019options d\u2019abonnement, \u00e0 vous de choisir celle qui convient le mieux \u00e0 votre style de vie. Nos tarifs de base sont \u00e9num\u00e9r\u00e9s dans le tableau ci-dessous.<\/p>\n<p>Monster Gym est convaincu que vous adorerez ses installations. Nous vous offrons le meilleur pour les prix les plus bas; notre liste de prix compl\u00e8te se trouve sur notre site web! Nous sommes le seul gym \u00e0 Montr\u00e9al \u00e0 faire cela![\/vc_column_text][\/mk_custom_box][\/vc_column][\/vc_row][mk_page_section bg_color=&#8221;#262626&#8243; padding_top=&#8221;60&#8243; padding_bottom=&#8221;60&#8243; top_shape_color=&#8221;#ffffff&#8221; bottom_shape_color=&#8221;#ffffff&#8221; sidebar=&#8221;sidebar-1&#8243;][vc_column][mk_padding_divider size=&#8221;20&#8243; visibility=&#8221;visible-sm&#8221;][mk_fancy_title tag_name=&#8221;h3&#8243; color=&#8221;#ffffff&#8221; size=&#8221;52&#8243; force_font_size=&#8221;true&#8221; size_tablet=&#8221;50&#8243; line_height=&#8221;99&#8243; font_weight=&#8221;bold&#8221; txt_transform=&#8221;uppercase&#8221; margin_bottom=&#8221;0&#8243; font_family=&#8221;Oswald&#8221; font_type=&#8221;google&#8221; align=&#8221;center&#8221; responsive_align=&#8221;left&#8221;]<span style=\"color: #d2232a;\">Options d\u2019abonnement<\/span>[\/mk_fancy_title][vc_column_text disable_pattern=&#8221;false&#8221; css=&#8221;.vc_custom_1756776790919{margin-bottom: 0px !important;}&#8221;]\n<table class=\"membership\" border=\"1\" align=\"left\">\n<tbody>\n<tr>\n<td nowrap=\"nowrap\">12 mois acc\u00e8s illimit\u00e9<\/td>\n<td nowrap=\"nowrap\">$49.99\/mois<\/td>\n<\/tr>\n<tr>\n<td>12 mois V.I.P.<\/td>\n<td>$69.99\/mois<\/td>\n<\/tr>\n<tr>\n<td>12 mois \u00e9tudiant\/senior<\/td>\n<td>$44.99\/mois<\/td>\n<\/tr>\n<tr>\n<td>3 mois<\/td>\n<td>$239.99 (deux versements)<\/td>\n<\/tr>\n<tr>\n<td>1 mois<\/td>\n<td>$109.99<\/td>\n<\/tr>\n<tr>\n<td>Forfait \u00e0 la visite (10 visites)<\/td>\n<td>$129.99<\/td>\n<\/tr>\n<tr>\n<td>\u00c0 la visite<\/td>\n<td>$21.99<\/td>\n<\/tr>\n<\/tbody>\n<\/table>\n<p>Aines: 60 ans et plus<br \/>\n\u00c9tudiant(e)s: Temps plein seulement<\/p>\n<p>Tous les prix sont avant les taxes. Les prix sont sujets \u00e0 des changements sans pr\u00e9avis.<\/p>\n<p>Les frais d\u2019adh\u00e9sion sont en sus. Les prix sont sujets \u00e0 changements sans pr\u00e9avis. Le solde devra \u00eatre acquitt\u00e9 \u00e0 l\u2019inscription, sous la forme de paiements post dat\u00e9s.[\/vc_column_text][\/vc_column][\/mk_page_section][vc_row fullwidth=&#8221;true&#8221; fullwidth_content=&#8221;false&#8221; css=&#8221;.vc_custom_1490057868750{background-image: url(http:\/\/monstergym.net\/wp-content\/uploads\/2016\/09\/section4.jpg?id=162) !important;background-position: center !important;background-repeat: no-repeat !important;background-size: cover !important;}&#8221;][vc_column][vc_row_inner][vc_column_inner][mk_testimonials title=&#8221;T\u00e9moignages&#8221; skin=&#8221;light&#8221; text_color=&#8221;#ffffff&#8221; author_color=&#8221;#ffffff&#8221; skill_color=&#8221;#ffffff&#8221; font_weight=&#8221;400&#8243; font_style=&#8221;normal&#8221; text_transform=&#8221;none&#8221;][\/vc_column_inner][\/vc_row_inner][\/vc_column][\/vc_row]\n<\/div>","protected":false},"excerpt":{"rendered":"<p>[mk_page_section bg_image=&#8221;http:\/\/monstergym.net\/wp-content\/uploads\/2017\/04\/membershiptop.jpg&#8221; bg_position=&#8221;center center&#8221; bg_repeat=&#8221;no-repeat&#8221; bg_stretch=&#8221;true&#8221; video_color_mask=&#8221;#000000&#8243; video_opacity=&#8221;0.5&#8243; min_height=&#8221;650&#8243; js_vertical_centered=&#8221;true&#8221; sidebar=&#8221;sidebar-1&#8243;][vc_column][mk_fancy_title tag_name=&#8221;h1&#8243; color=&#8221;#ffffff&#8221; size=&#8221;60&#8243; force_font_size=&#8221;true&#8221; size_tablet=&#8221;70&#8243; line_height=&#8221;99&#8243; font_weight=&#8221;bold&#8221; txt_transform=&#8221;uppercase&#8221; margin_bottom=&#8221;0&#8243; font_family=&#8221;Oswald&#8221; font_type=&#8221;google&#8221; align=&#8221;center&#8221;]Tarifs d\u2019abonnement[\/mk_fancy_title][\/vc_column][\/mk_page_section][vc_row fullwidth=&#8221;true&#8221; attached=&#8221;true&#8221; css=&#8221;.vc_custom_1495509993481{background-color: #d2232a !important;}&#8221;][vc_column width=&#8221;1\/2&#8243;][mk_custom_box padding_vertical=&#8221;0&#8243; padding_horizental=&#8221;50&#8243; margin_bottom=&#8221;0&#8243; min_height=&#8221;640&#8243; bg_image=&#8221;http:\/\/monstergym.net\/wp-content\/uploads\/2017\/05\/personaltrainer.jpg&#8221; bg_position=&#8221;left center&#8221; bg_stretch=&#8221;true&#8221;][\/mk_custom_box][\/vc_column][vc_column width=&#8221;1\/2&#8243;][mk_custom_box padding_vertical=&#8221;50&#8243; padding_horizental=&#8221;50&#8243; margin_bottom=&#8221;0&#8243; min_height=&#8221;640&#8243; bg_stretch=&#8221;true&#8221;][mk_fancy_title color=&#8221;#262626&#8243; size=&#8221;70&#8243; force_font_size=&#8221;true&#8221; size_tablet=&#8221;50&#8243; line_height=&#8221;98&#8243; font_weight=&#8221;bold&#8221; txt_transform=&#8221;uppercase&#8221; margin_bottom=&#8221;0&#8243; font_family=&#8221;Oswald&#8221; font_type=&#8221;google&#8221; responsive_align=&#8221;left&#8221;]Toujours [&hellip;]<\/p>\n","protected":false},"author":1,"featured_media":0,"parent":0,"menu_order":0,"comment_status":"closed","ping_status":"closed","template":"","meta":{"footnotes":""},"class_list":["post-718","page","type-page","status-publish","hentry"],"yoast_head":"<!-- This site is optimized with the Yoast SEO plugin v26.9 - https:\/\/yoast.com\/product\/yoast-seo-wordpress\/ -->\n<title>Tarifs d\u2019abonnement - Monster Gym<\/title>\n<meta name=\"robots\" content=\"index, follow, max-snippet:-1, max-image-preview:large, max-video-preview:-1\" \/>\n<link rel=\"canonical\" href=\"https:\/\/monstergym.net\/fr\/membership\/\" \/>\n<meta property=\"og:locale\" content=\"fr_FR\" \/>\n<meta property=\"og:type\" content=\"article\" \/>\n<meta property=\"og:title\" content=\"Tarifs d\u2019abonnement - Monster Gym\" \/>\n<meta property=\"og:description\" content=\"[mk_page_section bg_image=&#8221;http:\/\/monstergym.net\/wp-content\/uploads\/2017\/04\/membershiptop.jpg&#8221; bg_position=&#8221;center center&#8221; bg_repeat=&#8221;no-repeat&#8221; bg_stretch=&#8221;true&#8221; video_color_mask=&#8221;#000000&#8243; video_opacity=&#8221;0.5&#8243; min_height=&#8221;650&#8243; js_vertical_centered=&#8221;true&#8221; sidebar=&#8221;sidebar-1&#8243;][vc_column][mk_fancy_title tag_name=&#8221;h1&#8243; color=&#8221;#ffffff&#8221; size=&#8221;60&#8243; force_font_size=&#8221;true&#8221; size_tablet=&#8221;70&#8243; line_height=&#8221;99&#8243; font_weight=&#8221;bold&#8221; txt_transform=&#8221;uppercase&#8221; margin_bottom=&#8221;0&#8243; font_family=&#8221;Oswald&#8221; font_type=&#8221;google&#8221; align=&#8221;center&#8221;]Tarifs d\u2019abonnement[\/mk_fancy_title][\/vc_column][\/mk_page_section][vc_row fullwidth=&#8221;true&#8221; attached=&#8221;true&#8221; css=&#8221;.vc_custom_1495509993481{background-color: #d2232a !important;}&#8221;][vc_column width=&#8221;1\/2&#8243;][mk_custom_box padding_vertical=&#8221;0&#8243; padding_horizental=&#8221;50&#8243; margin_bottom=&#8221;0&#8243; min_height=&#8221;640&#8243; bg_image=&#8221;http:\/\/monstergym.net\/wp-content\/uploads\/2017\/05\/personaltrainer.jpg&#8221; bg_position=&#8221;left center&#8221; bg_stretch=&#8221;true&#8221;][\/mk_custom_box][\/vc_column][vc_column width=&#8221;1\/2&#8243;][mk_custom_box padding_vertical=&#8221;50&#8243; padding_horizental=&#8221;50&#8243; margin_bottom=&#8221;0&#8243; min_height=&#8221;640&#8243; bg_stretch=&#8221;true&#8221;][mk_fancy_title color=&#8221;#262626&#8243; size=&#8221;70&#8243; force_font_size=&#8221;true&#8221; size_tablet=&#8221;50&#8243; line_height=&#8221;98&#8243; font_weight=&#8221;bold&#8221; txt_transform=&#8221;uppercase&#8221; margin_bottom=&#8221;0&#8243; font_family=&#8221;Oswald&#8221; font_type=&#8221;google&#8221; responsive_align=&#8221;left&#8221;]Toujours [&hellip;]\" \/>\n<meta property=\"og:url\" content=\"https:\/\/monstergym.net\/fr\/membership\/\" \/>\n<meta property=\"og:site_name\" content=\"Monster Gym\" \/>\n<meta property=\"article:modified_time\" content=\"2025-09-02T01:33:13+00:00\" \/>\n<meta name=\"twitter:card\" content=\"summary_large_image\" \/>\n<meta name=\"twitter:label1\" content=\"Est. reading time\" \/>\n\t<meta name=\"twitter:data1\" content=\"2 minutes\" \/>\n<script type=\"application\/ld+json\" class=\"yoast-schema-graph\">{\"@context\":\"https:\/\/schema.org\",\"@graph\":[{\"@type\":\"WebPage\",\"@id\":\"https:\/\/monstergym.net\/fr\/membership\/\",\"url\":\"https:\/\/monstergym.net\/fr\/membership\/\",\"name\":\"Tarifs d\u2019abonnement - Monster Gym\",\"isPartOf\":{\"@id\":\"https:\/\/monstergym.net\/#website\"},\"datePublished\":\"2017-06-01T05:56:09+00:00\",\"dateModified\":\"2025-09-02T01:33:13+00:00\",\"breadcrumb\":{\"@id\":\"https:\/\/monstergym.net\/fr\/membership\/#breadcrumb\"},\"inLanguage\":\"fr-FR\",\"potentialAction\":[{\"@type\":\"ReadAction\",\"target\":[\"https:\/\/monstergym.net\/fr\/membership\/\"]}]},{\"@type\":\"BreadcrumbList\",\"@id\":\"https:\/\/monstergym.net\/fr\/membership\/#breadcrumb\",\"itemListElement\":[{\"@type\":\"ListItem\",\"position\":1,\"name\":\"Home\",\"item\":\"https:\/\/monstergym.net\/fr\/\"},{\"@type\":\"ListItem\",\"position\":2,\"name\":\"Tarifs d\u2019abonnement\"}]},{\"@type\":\"WebSite\",\"@id\":\"https:\/\/monstergym.net\/#website\",\"url\":\"https:\/\/monstergym.net\/\",\"name\":\"Monster Gym\",\"description\":\"Open 24\/7 365\",\"potentialAction\":[{\"@type\":\"SearchAction\",\"target\":{\"@type\":\"EntryPoint\",\"urlTemplate\":\"https:\/\/monstergym.net\/?s={search_term_string}\"},\"query-input\":{\"@type\":\"PropertyValueSpecification\",\"valueRequired\":true,\"valueName\":\"search_term_string\"}}],\"inLanguage\":\"fr-FR\"}]}<\/script>\n<!-- \/ Yoast SEO plugin. -->","yoast_head_json":{"title":"Tarifs d\u2019abonnement - Monster Gym","robots":{"index":"index","follow":"follow","max-snippet":"max-snippet:-1","max-image-preview":"max-image-preview:large","max-video-preview":"max-video-preview:-1"},"canonical":"https:\/\/monstergym.net\/fr\/membership\/","og_locale":"fr_FR","og_type":"article","og_title":"Tarifs d\u2019abonnement - Monster Gym","og_description":"[mk_page_section bg_image=&#8221;http:\/\/monstergym.net\/wp-content\/uploads\/2017\/04\/membershiptop.jpg&#8221; bg_position=&#8221;center center&#8221; bg_repeat=&#8221;no-repeat&#8221; bg_stretch=&#8221;true&#8221; video_color_mask=&#8221;#000000&#8243; video_opacity=&#8221;0.5&#8243; min_height=&#8221;650&#8243; js_vertical_centered=&#8221;true&#8221; sidebar=&#8221;sidebar-1&#8243;][vc_column][mk_fancy_title tag_name=&#8221;h1&#8243; color=&#8221;#ffffff&#8221; size=&#8221;60&#8243; force_font_size=&#8221;true&#8221; size_tablet=&#8221;70&#8243; line_height=&#8221;99&#8243; font_weight=&#8221;bold&#8221; txt_transform=&#8221;uppercase&#8221; margin_bottom=&#8221;0&#8243; font_family=&#8221;Oswald&#8221; font_type=&#8221;google&#8221; align=&#8221;center&#8221;]Tarifs d\u2019abonnement[\/mk_fancy_title][\/vc_column][\/mk_page_section][vc_row fullwidth=&#8221;true&#8221; attached=&#8221;true&#8221; css=&#8221;.vc_custom_1495509993481{background-color: #d2232a !important;}&#8221;][vc_column width=&#8221;1\/2&#8243;][mk_custom_box padding_vertical=&#8221;0&#8243; padding_horizental=&#8221;50&#8243; margin_bottom=&#8221;0&#8243; min_height=&#8221;640&#8243; bg_image=&#8221;http:\/\/monstergym.net\/wp-content\/uploads\/2017\/05\/personaltrainer.jpg&#8221; bg_position=&#8221;left center&#8221; bg_stretch=&#8221;true&#8221;][\/mk_custom_box][\/vc_column][vc_column width=&#8221;1\/2&#8243;][mk_custom_box padding_vertical=&#8221;50&#8243; padding_horizental=&#8221;50&#8243; margin_bottom=&#8221;0&#8243; min_height=&#8221;640&#8243; bg_stretch=&#8221;true&#8221;][mk_fancy_title color=&#8221;#262626&#8243; size=&#8221;70&#8243; force_font_size=&#8221;true&#8221; size_tablet=&#8221;50&#8243; line_height=&#8221;98&#8243; font_weight=&#8221;bold&#8221; txt_transform=&#8221;uppercase&#8221; margin_bottom=&#8221;0&#8243; font_family=&#8221;Oswald&#8221; font_type=&#8221;google&#8221; responsive_align=&#8221;left&#8221;]Toujours [&hellip;]","og_url":"https:\/\/monstergym.net\/fr\/membership\/","og_site_name":"Monster Gym","article_modified_time":"2025-09-02T01:33:13+00:00","twitter_card":"summary_large_image","twitter_misc":{"Est. reading time":"2 minutes"},"schema":{"@context":"https:\/\/schema.org","@graph":[{"@type":"WebPage","@id":"https:\/\/monstergym.net\/fr\/membership\/","url":"https:\/\/monstergym.net\/fr\/membership\/","name":"Tarifs d\u2019abonnement - Monster Gym","isPartOf":{"@id":"https:\/\/monstergym.net\/#website"},"datePublished":"2017-06-01T05:56:09+00:00","dateModified":"2025-09-02T01:33:13+00:00","breadcrumb":{"@id":"https:\/\/monstergym.net\/fr\/membership\/#breadcrumb"},"inLanguage":"fr-FR","potentialAction":[{"@type":"ReadAction","target":["https:\/\/monstergym.net\/fr\/membership\/"]}]},{"@type":"BreadcrumbList","@id":"https:\/\/monstergym.net\/fr\/membership\/#breadcrumb","itemListElement":[{"@type":"ListItem","position":1,"name":"Home","item":"https:\/\/monstergym.net\/fr\/"},{"@type":"ListItem","position":2,"name":"Tarifs d\u2019abonnement"}]},{"@type":"WebSite","@id":"https:\/\/monstergym.net\/#website","url":"https:\/\/monstergym.net\/","name":"Monster Gym","description":"Open 24\/7 365","potentialAction":[{"@type":"SearchAction","target":{"@type":"EntryPoint","urlTemplate":"https:\/\/monstergym.net\/?s={search_term_string}"},"query-input":{"@type":"PropertyValueSpecification","valueRequired":true,"valueName":"search_term_string"}}],"inLanguage":"fr-FR"}]}},"_links":{"self":[{"href":"https:\/\/monstergym.net\/fr\/wp-json\/wp\/v2\/pages\/718","targetHints":{"allow":["GET"]}}],"collection":[{"href":"https:\/\/monstergym.net\/fr\/wp-json\/wp\/v2\/pages"}],"about":[{"href":"https:\/\/monstergym.net\/fr\/wp-json\/wp\/v2\/types\/page"}],"author":[{"embeddable":true,"href":"https:\/\/monstergym.net\/fr\/wp-json\/wp\/v2\/users\/1"}],"replies":[{"embeddable":true,"href":"https:\/\/monstergym.net\/fr\/wp-json\/wp\/v2\/comments?post=718"}],"version-history":[{"count":18,"href":"https:\/\/monstergym.net\/fr\/wp-json\/wp\/v2\/pages\/718\/revisions"}],"predecessor-version":[{"id":1238,"href":"https:\/\/monstergym.net\/fr\/wp-json\/wp\/v2\/pages\/718\/revisions\/1238"}],"wp:attachment":[{"href":"https:\/\/monstergym.net\/fr\/wp-json\/wp\/v2\/media?parent=718"}],"curies":[{"name":"wp","href":"https:\/\/api.w.org\/{rel}","templated":true}]}}