{"id":728,"date":"2017-06-01T06:28:28","date_gmt":"2017-06-01T06:28:28","guid":{"rendered":"http:\/\/monstergym.net\/?page_id=728"},"modified":"2019-03-05T04:50:00","modified_gmt":"2019-03-05T04:50:00","slug":"pourquoi-choisir-monster-gym","status":"publish","type":"page","link":"https:\/\/monstergym.net\/fr\/pourquoi-choisir-monster-gym\/","title":{"rendered":"Pourquoi choisir Monster Gym"},"content":{"rendered":"<div class=\"wpb-content-wrapper\">[mk_page_section bg_image=&#8221;http:\/\/monstergym.net\/wp-content\/uploads\/2017\/06\/why-monster-gym.jpg&#8221; bg_position=&#8221;center center&#8221; bg_repeat=&#8221;no-repeat&#8221; bg_stretch=&#8221;true&#8221; video_color_mask=&#8221;#000000&#8243; video_opacity=&#8221;0.5&#8243; min_height=&#8221;650&#8243; js_vertical_centered=&#8221;true&#8221; sidebar=&#8221;sidebar-1&#8243;][vc_column][mk_fancy_title tag_name=&#8221;h1&#8243; color=&#8221;#ffffff&#8221; size=&#8221;60&#8243; force_font_size=&#8221;true&#8221; size_tablet=&#8221;70&#8243; line_height=&#8221;99&#8243; font_weight=&#8221;bold&#8221; txt_transform=&#8221;uppercase&#8221; margin_bottom=&#8221;0&#8243; font_family=&#8221;Oswald&#8221; font_type=&#8221;google&#8221; align=&#8221;center&#8221;]Pourquoi choisir Monster Gym[\/mk_fancy_title][\/vc_column][\/mk_page_section][mk_page_section layout_structure=&#8221;half_left&#8221; bg_image=&#8221;http:\/\/monstergym.net\/wp-content\/uploads\/2017\/04\/why-monstergym-01.jpg&#8221; bg_color=&#8221;#d2232a&#8221; padding_top=&#8221;60&#8243; padding_bottom=&#8221;60&#8243; top_shape_color=&#8221;#ffffff&#8221; bottom_shape_color=&#8221;#ffffff&#8221;][vc_column][mk_padding_divider size=&#8221;20&#8243; visibility=&#8221;visible-sm&#8221;][mk_fancy_title tag_name=&#8221;h3&#8243; color=&#8221;#ffffff&#8221; size=&#8221;40&#8243; force_font_size=&#8221;true&#8221; size_tablet=&#8221;30&#8243; line_height=&#8221;99&#8243; font_weight=&#8221;bold&#8221; txt_transform=&#8221;uppercase&#8221; margin_bottom=&#8221;0&#8243; font_family=&#8221;Oswald&#8221; font_type=&#8221;google&#8221; responsive_align=&#8221;left&#8221;]Monster Gym est un chef de file dans l\u2019industrie du conditionnement physique \u00e0 Montr\u00e9al, pour plusieurs raisons :[\/mk_fancy_title][mk_custom_list style=&#8221;mk-icon-check-circle&#8221; icon_color=&#8221;#ffffff&#8221;]\n<ul class=\"gymfeatures\">\n<li>Parmi l\u2019un des rares centres au Canada ouvert jour et nuit, 7 jours sur 7<\/li>\n<li>Le personnel est aimable et courtois et vous aidera \u00e0 atteindre vos objectifs de mise en forme<\/li>\n<li>Plus de 100 appareils d\u2019entra\u00eenement cardio \u00e0 la fine pointe de la technologie<\/li>\n<li>Pr\u00e8s de 200 \u00e9quipements de musculation dernier cri<\/li>\n<li>Un total de 13\u00a0918 livres d\u2019halt\u00e8res allant de 3 livres \u00e0 185 livres<\/li>\n<li>Un total de 19\u00a0640 livres de disques allant de 2,5 livres \u00e0 100 livres chacun<\/li>\n<li>Monster Gym = Motivation<\/li>\n<\/ul>\n[\/mk_custom_list][mk_fancy_title tag_name=&#8221;h5&#8243; color=&#8221;#ffffff&#8221; size=&#8221;24&#8243; force_font_size=&#8221;true&#8221; size_tablet=&#8221;30&#8243; line_height=&#8221;99&#8243; font_weight=&#8221;bold&#8221; txt_transform=&#8221;uppercase&#8221; margin_bottom=&#8221;0&#8243; font_family=&#8221;Oswald&#8221; font_type=&#8221;google&#8221; responsive_align=&#8221;left&#8221;]Particularit\u00e9s :[\/mk_fancy_title][mk_custom_list style=&#8221;mk-icon-check-circle&#8221; icon_color=&#8221;#ffffff&#8221;]\n<ul class=\"gymfeatures\">\n<li>Piste de marche\/course sur\u00e9lev\u00e9e<\/li>\n<li>Aires et \u00e9quipements pour des exercices de haute performance<\/li>\n<li>Section r\u00e9serv\u00e9e aux femmes<\/li>\n<li>Aire de boxe<\/li>\n<li>\u00c9quipement de musculation dernier cri<\/li>\n<li>Appareils d\u2019entra\u00eenement cardio \u00e0 la fine pointe de la technologie<\/li>\n<li>Aires d\u2019entra\u00eenement crois\u00e9<\/li>\n<li>Gym ext\u00e9rieur<\/li>\n<\/ul>\n[\/mk_custom_list][\/vc_column][\/mk_page_section][mk_page_section layout_structure=&#8221;half_right&#8221; bg_image=&#8221;http:\/\/monstergym.net\/wp-content\/uploads\/2017\/04\/why-monstergym-03.jpg&#8221; bg_color=&#8221;#262626&#8243; padding_top=&#8221;60&#8243; padding_bottom=&#8221;60&#8243; top_shape_color=&#8221;#ffffff&#8221; bottom_shape_color=&#8221;#ffffff&#8221;][vc_column][mk_padding_divider size=&#8221;20&#8243; visibility=&#8221;visible-sm&#8221;][mk_fancy_title tag_name=&#8221;h5&#8243; color=&#8221;#ffffff&#8221; size=&#8221;72&#8243; force_font_size=&#8221;true&#8221; size_tablet=&#8221;50&#8243; line_height=&#8221;99&#8243; font_weight=&#8221;bold&#8221; txt_transform=&#8221;uppercase&#8221; margin_bottom=&#8221;0&#8243; font_family=&#8221;Oswald&#8221; font_type=&#8221;google&#8221; responsive_align=&#8221;left&#8221;]Services[\/mk_fancy_title][mk_custom_list style=&#8221;mk-icon-check-circle&#8221; icon_color=&#8221;#ffffff&#8221;]\n<ul class=\"gymfeatures\">\n<li>Superficie totale de 45 000 pieds carr\u00e9s<\/li>\n<li>Trois tr\u00e8s grandes aires de stationnement<\/li>\n<li>Nouvelles installations de A \u00e0 Z<\/li>\n<li>Vestiaires standard et VIP<\/li>\n<li>Bains de vapeur<\/li>\n<li>Saunas<\/li>\n<li>Ouvert jour et nuit, 7 jours sur 7<\/li>\n<\/ul>\n[\/mk_custom_list][vc_column_text]Engagement soutenu d\u2019offrir \u00e0 nos membres un lieu s\u00e9curitaire, propre, en bon \u00e9tat et motivant pour s\u2019entra\u00eener.<\/p>\n<p>Engagement continu d\u2019honorer notre politique de tarif de renouvellement garanti \u00e0 vie!<\/p>\n<p><strong style=\"color: #fff !important;\">Composez le 514-421-0014 pour vous abonner imm\u00e9diatement!<\/strong>![\/vc_column_text][\/vc_column][\/mk_page_section][vc_row fullwidth=&#8221;true&#8221; fullwidth_content=&#8221;false&#8221; css=&#8221;.vc_custom_1490057868750{background-image: url(http:\/\/monstergym.net\/wp-content\/uploads\/2016\/09\/section4.jpg?id=162) !important;background-position: center !important;background-repeat: no-repeat !important;background-size: cover !important;}&#8221;][vc_column][vc_row_inner][vc_column_inner][mk_testimonials title=&#8221;T\u00e9moignages&#8221; skin=&#8221;light&#8221; text_color=&#8221;#ffffff&#8221; author_color=&#8221;#ffffff&#8221; skill_color=&#8221;#ffffff&#8221; font_weight=&#8221;400&#8243; font_style=&#8221;normal&#8221; text_transform=&#8221;none&#8221;][\/vc_column_inner][\/vc_row_inner][\/vc_column][\/vc_row]\n<\/div>","protected":false},"excerpt":{"rendered":"<p>[mk_page_section bg_image=&#8221;http:\/\/monstergym.net\/wp-content\/uploads\/2017\/06\/why-monster-gym.jpg&#8221; bg_position=&#8221;center center&#8221; bg_repeat=&#8221;no-repeat&#8221; bg_stretch=&#8221;true&#8221; video_color_mask=&#8221;#000000&#8243; video_opacity=&#8221;0.5&#8243; min_height=&#8221;650&#8243; js_vertical_centered=&#8221;true&#8221; sidebar=&#8221;sidebar-1&#8243;][vc_column][mk_fancy_title tag_name=&#8221;h1&#8243; color=&#8221;#ffffff&#8221; size=&#8221;60&#8243; force_font_size=&#8221;true&#8221; size_tablet=&#8221;70&#8243; line_height=&#8221;99&#8243; font_weight=&#8221;bold&#8221; txt_transform=&#8221;uppercase&#8221; margin_bottom=&#8221;0&#8243; font_family=&#8221;Oswald&#8221; font_type=&#8221;google&#8221; align=&#8221;center&#8221;]Pourquoi choisir Monster Gym[\/mk_fancy_title][\/vc_column][\/mk_page_section][mk_page_section layout_structure=&#8221;half_left&#8221; bg_image=&#8221;http:\/\/monstergym.net\/wp-content\/uploads\/2017\/04\/why-monstergym-01.jpg&#8221; bg_color=&#8221;#d2232a&#8221; padding_top=&#8221;60&#8243; padding_bottom=&#8221;60&#8243; top_shape_color=&#8221;#ffffff&#8221; bottom_shape_color=&#8221;#ffffff&#8221;][vc_column][mk_padding_divider size=&#8221;20&#8243; visibility=&#8221;visible-sm&#8221;][mk_fancy_title tag_name=&#8221;h3&#8243; color=&#8221;#ffffff&#8221; size=&#8221;40&#8243; force_font_size=&#8221;true&#8221; size_tablet=&#8221;30&#8243; line_height=&#8221;99&#8243; font_weight=&#8221;bold&#8221; txt_transform=&#8221;uppercase&#8221; margin_bottom=&#8221;0&#8243; font_family=&#8221;Oswald&#8221; font_type=&#8221;google&#8221; responsive_align=&#8221;left&#8221;]Monster Gym est un chef de file dans l\u2019industrie [&hellip;]<\/p>\n","protected":false},"author":1,"featured_media":0,"parent":0,"menu_order":0,"comment_status":"closed","ping_status":"closed","template":"","meta":{"footnotes":""},"class_list":["post-728","page","type-page","status-publish","hentry"],"yoast_head":"<!-- This site is optimized with the Yoast SEO plugin v26.9 - https:\/\/yoast.com\/product\/yoast-seo-wordpress\/ -->\n<title>Pourquoi choisir Monster Gym - Monster Gym<\/title>\n<meta name=\"robots\" content=\"index, follow, max-snippet:-1, max-image-preview:large, max-video-preview:-1\" \/>\n<link rel=\"canonical\" href=\"https:\/\/monstergym.net\/fr\/pourquoi-choisir-monster-gym\/\" \/>\n<meta property=\"og:locale\" content=\"fr_FR\" \/>\n<meta property=\"og:type\" content=\"article\" \/>\n<meta property=\"og:title\" content=\"Pourquoi choisir Monster Gym - Monster Gym\" \/>\n<meta property=\"og:description\" content=\"[mk_page_section bg_image=&#8221;http:\/\/monstergym.net\/wp-content\/uploads\/2017\/06\/why-monster-gym.jpg&#8221; bg_position=&#8221;center center&#8221; bg_repeat=&#8221;no-repeat&#8221; bg_stretch=&#8221;true&#8221; video_color_mask=&#8221;#000000&#8243; video_opacity=&#8221;0.5&#8243; min_height=&#8221;650&#8243; js_vertical_centered=&#8221;true&#8221; sidebar=&#8221;sidebar-1&#8243;][vc_column][mk_fancy_title tag_name=&#8221;h1&#8243; color=&#8221;#ffffff&#8221; size=&#8221;60&#8243; force_font_size=&#8221;true&#8221; size_tablet=&#8221;70&#8243; line_height=&#8221;99&#8243; font_weight=&#8221;bold&#8221; txt_transform=&#8221;uppercase&#8221; margin_bottom=&#8221;0&#8243; font_family=&#8221;Oswald&#8221; font_type=&#8221;google&#8221; align=&#8221;center&#8221;]Pourquoi choisir Monster Gym[\/mk_fancy_title][\/vc_column][\/mk_page_section][mk_page_section layout_structure=&#8221;half_left&#8221; bg_image=&#8221;http:\/\/monstergym.net\/wp-content\/uploads\/2017\/04\/why-monstergym-01.jpg&#8221; bg_color=&#8221;#d2232a&#8221; padding_top=&#8221;60&#8243; padding_bottom=&#8221;60&#8243; top_shape_color=&#8221;#ffffff&#8221; bottom_shape_color=&#8221;#ffffff&#8221;][vc_column][mk_padding_divider size=&#8221;20&#8243; visibility=&#8221;visible-sm&#8221;][mk_fancy_title tag_name=&#8221;h3&#8243; color=&#8221;#ffffff&#8221; size=&#8221;40&#8243; force_font_size=&#8221;true&#8221; size_tablet=&#8221;30&#8243; line_height=&#8221;99&#8243; font_weight=&#8221;bold&#8221; txt_transform=&#8221;uppercase&#8221; margin_bottom=&#8221;0&#8243; font_family=&#8221;Oswald&#8221; font_type=&#8221;google&#8221; responsive_align=&#8221;left&#8221;]Monster Gym est un chef de file dans l\u2019industrie [&hellip;]\" \/>\n<meta property=\"og:url\" content=\"https:\/\/monstergym.net\/fr\/pourquoi-choisir-monster-gym\/\" \/>\n<meta property=\"og:site_name\" content=\"Monster Gym\" \/>\n<meta property=\"article:modified_time\" content=\"2019-03-05T04:50:00+00:00\" \/>\n<meta name=\"twitter:card\" content=\"summary_large_image\" \/>\n<meta name=\"twitter:label1\" content=\"Est. reading time\" \/>\n\t<meta name=\"twitter:data1\" content=\"3 minutes\" \/>\n<script type=\"application\/ld+json\" class=\"yoast-schema-graph\">{\"@context\":\"https:\/\/schema.org\",\"@graph\":[{\"@type\":\"WebPage\",\"@id\":\"https:\/\/monstergym.net\/fr\/pourquoi-choisir-monster-gym\/\",\"url\":\"https:\/\/monstergym.net\/fr\/pourquoi-choisir-monster-gym\/\",\"name\":\"Pourquoi choisir Monster Gym - Monster Gym\",\"isPartOf\":{\"@id\":\"https:\/\/monstergym.net\/#website\"},\"datePublished\":\"2017-06-01T06:28:28+00:00\",\"dateModified\":\"2019-03-05T04:50:00+00:00\",\"breadcrumb\":{\"@id\":\"https:\/\/monstergym.net\/fr\/pourquoi-choisir-monster-gym\/#breadcrumb\"},\"inLanguage\":\"fr-FR\",\"potentialAction\":[{\"@type\":\"ReadAction\",\"target\":[\"https:\/\/monstergym.net\/fr\/pourquoi-choisir-monster-gym\/\"]}]},{\"@type\":\"BreadcrumbList\",\"@id\":\"https:\/\/monstergym.net\/fr\/pourquoi-choisir-monster-gym\/#breadcrumb\",\"itemListElement\":[{\"@type\":\"ListItem\",\"position\":1,\"name\":\"Home\",\"item\":\"https:\/\/monstergym.net\/fr\/\"},{\"@type\":\"ListItem\",\"position\":2,\"name\":\"Pourquoi choisir Monster Gym\"}]},{\"@type\":\"WebSite\",\"@id\":\"https:\/\/monstergym.net\/#website\",\"url\":\"https:\/\/monstergym.net\/\",\"name\":\"Monster Gym\",\"description\":\"Open 24\/7 365\",\"potentialAction\":[{\"@type\":\"SearchAction\",\"target\":{\"@type\":\"EntryPoint\",\"urlTemplate\":\"https:\/\/monstergym.net\/?s={search_term_string}\"},\"query-input\":{\"@type\":\"PropertyValueSpecification\",\"valueRequired\":true,\"valueName\":\"search_term_string\"}}],\"inLanguage\":\"fr-FR\"}]}<\/script>\n<!-- \/ Yoast SEO plugin. -->","yoast_head_json":{"title":"Pourquoi choisir Monster Gym - Monster Gym","robots":{"index":"index","follow":"follow","max-snippet":"max-snippet:-1","max-image-preview":"max-image-preview:large","max-video-preview":"max-video-preview:-1"},"canonical":"https:\/\/monstergym.net\/fr\/pourquoi-choisir-monster-gym\/","og_locale":"fr_FR","og_type":"article","og_title":"Pourquoi choisir Monster Gym - Monster Gym","og_description":"[mk_page_section bg_image=&#8221;http:\/\/monstergym.net\/wp-content\/uploads\/2017\/06\/why-monster-gym.jpg&#8221; bg_position=&#8221;center center&#8221; bg_repeat=&#8221;no-repeat&#8221; bg_stretch=&#8221;true&#8221; video_color_mask=&#8221;#000000&#8243; video_opacity=&#8221;0.5&#8243; min_height=&#8221;650&#8243; js_vertical_centered=&#8221;true&#8221; sidebar=&#8221;sidebar-1&#8243;][vc_column][mk_fancy_title tag_name=&#8221;h1&#8243; color=&#8221;#ffffff&#8221; size=&#8221;60&#8243; force_font_size=&#8221;true&#8221; size_tablet=&#8221;70&#8243; line_height=&#8221;99&#8243; font_weight=&#8221;bold&#8221; txt_transform=&#8221;uppercase&#8221; margin_bottom=&#8221;0&#8243; font_family=&#8221;Oswald&#8221; font_type=&#8221;google&#8221; align=&#8221;center&#8221;]Pourquoi choisir Monster Gym[\/mk_fancy_title][\/vc_column][\/mk_page_section][mk_page_section layout_structure=&#8221;half_left&#8221; bg_image=&#8221;http:\/\/monstergym.net\/wp-content\/uploads\/2017\/04\/why-monstergym-01.jpg&#8221; bg_color=&#8221;#d2232a&#8221; padding_top=&#8221;60&#8243; padding_bottom=&#8221;60&#8243; top_shape_color=&#8221;#ffffff&#8221; bottom_shape_color=&#8221;#ffffff&#8221;][vc_column][mk_padding_divider size=&#8221;20&#8243; visibility=&#8221;visible-sm&#8221;][mk_fancy_title tag_name=&#8221;h3&#8243; color=&#8221;#ffffff&#8221; size=&#8221;40&#8243; force_font_size=&#8221;true&#8221; size_tablet=&#8221;30&#8243; line_height=&#8221;99&#8243; font_weight=&#8221;bold&#8221; txt_transform=&#8221;uppercase&#8221; margin_bottom=&#8221;0&#8243; font_family=&#8221;Oswald&#8221; font_type=&#8221;google&#8221; responsive_align=&#8221;left&#8221;]Monster Gym est un chef de file dans l\u2019industrie [&hellip;]","og_url":"https:\/\/monstergym.net\/fr\/pourquoi-choisir-monster-gym\/","og_site_name":"Monster Gym","article_modified_time":"2019-03-05T04:50:00+00:00","twitter_card":"summary_large_image","twitter_misc":{"Est. reading time":"3 minutes"},"schema":{"@context":"https:\/\/schema.org","@graph":[{"@type":"WebPage","@id":"https:\/\/monstergym.net\/fr\/pourquoi-choisir-monster-gym\/","url":"https:\/\/monstergym.net\/fr\/pourquoi-choisir-monster-gym\/","name":"Pourquoi choisir Monster Gym - Monster Gym","isPartOf":{"@id":"https:\/\/monstergym.net\/#website"},"datePublished":"2017-06-01T06:28:28+00:00","dateModified":"2019-03-05T04:50:00+00:00","breadcrumb":{"@id":"https:\/\/monstergym.net\/fr\/pourquoi-choisir-monster-gym\/#breadcrumb"},"inLanguage":"fr-FR","potentialAction":[{"@type":"ReadAction","target":["https:\/\/monstergym.net\/fr\/pourquoi-choisir-monster-gym\/"]}]},{"@type":"BreadcrumbList","@id":"https:\/\/monstergym.net\/fr\/pourquoi-choisir-monster-gym\/#breadcrumb","itemListElement":[{"@type":"ListItem","position":1,"name":"Home","item":"https:\/\/monstergym.net\/fr\/"},{"@type":"ListItem","position":2,"name":"Pourquoi choisir Monster Gym"}]},{"@type":"WebSite","@id":"https:\/\/monstergym.net\/#website","url":"https:\/\/monstergym.net\/","name":"Monster Gym","description":"Open 24\/7 365","potentialAction":[{"@type":"SearchAction","target":{"@type":"EntryPoint","urlTemplate":"https:\/\/monstergym.net\/?s={search_term_string}"},"query-input":{"@type":"PropertyValueSpecification","valueRequired":true,"valueName":"search_term_string"}}],"inLanguage":"fr-FR"}]}},"_links":{"self":[{"href":"https:\/\/monstergym.net\/fr\/wp-json\/wp\/v2\/pages\/728","targetHints":{"allow":["GET"]}}],"collection":[{"href":"https:\/\/monstergym.net\/fr\/wp-json\/wp\/v2\/pages"}],"about":[{"href":"https:\/\/monstergym.net\/fr\/wp-json\/wp\/v2\/types\/page"}],"author":[{"embeddable":true,"href":"https:\/\/monstergym.net\/fr\/wp-json\/wp\/v2\/users\/1"}],"replies":[{"embeddable":true,"href":"https:\/\/monstergym.net\/fr\/wp-json\/wp\/v2\/comments?post=728"}],"version-history":[{"count":6,"href":"https:\/\/monstergym.net\/fr\/wp-json\/wp\/v2\/pages\/728\/revisions"}],"predecessor-version":[{"id":741,"href":"https:\/\/monstergym.net\/fr\/wp-json\/wp\/v2\/pages\/728\/revisions\/741"}],"wp:attachment":[{"href":"https:\/\/monstergym.net\/fr\/wp-json\/wp\/v2\/media?parent=728"}],"curies":[{"name":"wp","href":"https:\/\/api.w.org\/{rel}","templated":true}]}}