{"id":791,"date":"2017-06-12T00:48:35","date_gmt":"2017-06-12T00:48:35","guid":{"rendered":"http:\/\/monstergym.net\/?page_id=791"},"modified":"2024-06-12T17:52:27","modified_gmt":"2024-06-12T17:52:27","slug":"accueil","status":"publish","type":"page","link":"https:\/\/monstergym.net\/fr\/","title":{"rendered":"Accueil"},"content":{"rendered":"<div class=\"wpb-content-wrapper\">[vc_row fullwidth=&#8221;true&#8221;][vc_column][mk_edge_slider first_el=&#8221;true&#8221; swiper_bg=&#8221;#000000&#8243; parallax=&#8221;true&#8221; full_height=&#8221;false&#8221; direction_nav=&#8221;slit&#8221; pagination=&#8221;small_dot_stroke&#8221; skip_arrow=&#8221;false&#8221;][\/vc_column][\/vc_row][mk_page_section layout_structure=&#8221;half_left&#8221; bg_image=&#8221;http:\/\/monstergym.net\/wp-content\/uploads\/2016\/09\/section2.jpg&#8221; bg_color=&#8221;#d2232a&#8221; padding_top=&#8221;60&#8243; padding_bottom=&#8221;60&#8243; top_shape_color=&#8221;#ffffff&#8221; bottom_shape_color=&#8221;#ffffff&#8221;][vc_column][mk_padding_divider size=&#8221;20&#8243; visibility=&#8221;visible-sm&#8221;][mk_fancy_title tag_name=&#8221;h5&#8243; color=&#8221;#ffffff&#8221; size=&#8221;98&#8243; force_font_size=&#8221;true&#8221; size_tablet=&#8221;50&#8243; line_height=&#8221;98&#8243; font_weight=&#8221;bold&#8221; txt_transform=&#8221;uppercase&#8221; margin_bottom=&#8221;0&#8243; font_family=&#8221;Oswald&#8221; font_type=&#8221;google&#8221; responsive_align=&#8221;left&#8221;]<span style=\"color: #262626;\">INSTALLATION<\/span><br \/>\nDE POINTE[\/mk_fancy_title][mk_custom_list style=&#8221;mk-icon-check-circle&#8221; icon_color=&#8221;#ffffff&#8221;]\n<ul class=\"gymfeatures\">\n<li>Piste de marche\/course sur\u00e9lev\u00e9e<\/li>\n<li>Aires et \u00e9quipements pour des exercices de haute performance<\/li>\n<li>Aire de boxe<\/li>\n<li>\u00c9quipement de musculation dernier cri<\/li>\n<li>Appareils d\u2019entra\u00eenement cardio \u00e0 la fine pointe de la technologie<\/li>\n<li>Aires d\u2019entra\u00eenement crois\u00e9<\/li>\n<li>Gym ext\u00e9rieur<\/li>\n<\/ul>\n[\/mk_custom_list][mk_button dimension=&#8221;outline&#8221; size=&#8221;large&#8221; letter_spacing=&#8221;2&#8243; url=&#8221;http:\/\/monstergym.net\/fr\/pourquoi-choisir-monster-gym\/&#8221; button_custom_width=&#8221;250&#8243; margin_top=&#8221;20&#8243; margin_right=&#8221;0&#8243; outline_skin=&#8221;custom&#8221; outline_active_text_color=&#8221;#ffffff&#8221;]SAVOIR PLUS[\/mk_button][\/vc_column][\/mk_page_section][vc_row fullwidth=&#8221;true&#8221; attached=&#8221;true&#8221;][vc_column width=&#8221;1\/2&#8243;][mk_custom_box padding_vertical=&#8221;80&#8243; padding_horizental=&#8221;50&#8243; margin_bottom=&#8221;0&#8243; min_height=&#8221;825&#8243; bg_image=&#8221;http:\/\/monstergym.net\/wp-content\/uploads\/2016\/09\/home-bg-04.jpg&#8221; bg_stretch=&#8221;true&#8221;][mk_padding_divider size=&#8221;20&#8243; visibility=&#8221;visible-sm&#8221;][mk_fancy_title color=&#8221;#ffffff&#8221; size=&#8221;98&#8243; force_font_size=&#8221;true&#8221; size_tablet=&#8221;50&#8243; font_weight=&#8221;bold&#8221; txt_transform=&#8221;uppercase&#8221; margin_bottom=&#8221;0&#8243; font_family=&#8221;Oswald&#8221; font_type=&#8221;google&#8221; responsive_align=&#8221;left&#8221;]ouvert<br \/>\n24\/7\/365<br \/>\n<span style=\"color: #d2232a;\">pas de<br \/>\ncong\u00e9<\/span>[\/mk_fancy_title][vc_row_inner][vc_column_inner][vc_column_text disable_pattern=&#8221;false&#8221;]Monster Gym est le premier centre de conditionnement physique situ\u00e9 \u00e0 l\u2019int\u00e9rieur de Fitness City. Ce complexe d\u2019une superficie de plus de 70 000 pieds carr\u00e9s, ouvert jour et nuit, 365 jours par ann\u00e9e, est \u00e9quip\u00e9 d\u2019appareils \u00e0 la fine pointe de la technologie. Que vous soyez monsieur ou madame tout le monde qui aime s\u2019entrainer ou un athl\u00e8te souhaitant perfectionner son sport, Monster Gym peut satisfaire tous les types de client\u00e8le. Si vous prenez votre entrainement au s\u00e9rieux, ne cherchez pas plus loin que Monster Gym.[\/vc_column_text][\/vc_column_inner][\/vc_row_inner][\/mk_custom_box][\/vc_column][vc_column width=&#8221;1\/2&#8243;][mk_custom_box padding_vertical=&#8221;80&#8243; padding_horizental=&#8221;50&#8243; margin_bottom=&#8221;0&#8243; min_height=&#8221;825&#8243; bg_image=&#8221;http:\/\/monstergym.net\/wp-content\/uploads\/2016\/09\/section1.jpg&#8221; bg_stretch=&#8221;true&#8221;][mk_fancy_title color=&#8221;#ffffff&#8221; size=&#8221;80&#8243; force_font_size=&#8221;true&#8221; size_tablet=&#8221;40&#8243; font_weight=&#8221;bold&#8221; txt_transform=&#8221;uppercase&#8221; margin_bottom=&#8221;0&#8243; font_family=&#8221;Oswald&#8221; font_type=&#8221;google&#8221; responsive_align=&#8221;left&#8221;]Nous ne nous<br \/>\ncontentons pas de<br \/>\nmettre la barre,<br \/>\nnous en d\u00e9terminons<br \/>\nla hauteur,<br \/>\ndepuis 1992[\/mk_fancy_title][\/mk_custom_box][\/vc_column][\/vc_row][vc_row fullwidth=&#8221;true&#8221; fullwidth_content=&#8221;false&#8221; css=&#8221;.vc_custom_1489026063789{background-image: url(http:\/\/monstergym.net\/wp-content\/uploads\/2016\/09\/section3.jpg?id=107) !important;background-position: center !important;background-repeat: no-repeat !important;background-size: cover !important;}&#8221;][vc_column][vc_row_inner][vc_column_inner][mk_fancy_title tag_name=&#8221;h3&#8243; color=&#8221;#ffffff&#8221; size=&#8221;48&#8243; force_font_size=&#8221;true&#8221; size_tablet=&#8221;36&#8243; font_weight=&#8221;bold&#8221; txt_transform=&#8221;uppercase&#8221; margin_top=&#8221;20&#8243; margin_bottom=&#8221;0&#8243; font_family=&#8221;Oswald&#8221; font_type=&#8221;google&#8221; align=&#8221;center&#8221;]Options d\u2019abonnement[\/mk_fancy_title][\/vc_column_inner][\/vc_row_inner][vc_row_inner is_fullwidth_content=&#8221;false&#8221;][vc_column_inner width=&#8221;1\/2&#8243;][mk_pricing_table_2 table_number=&#8221;1&#8243; order=&#8221;ASC&#8221; orderby=&#8221;menu_order&#8221; tables=&#8221;104&#8243;][\/mk_pricing_table_2][\/vc_column_inner][vc_column_inner width=&#8221;1\/2&#8243;][mk_pricing_table_2 table_number=&#8221;1&#8243; order=&#8221;ASC&#8221; orderby=&#8221;menu_order&#8221; tables=&#8221;111&#8243;][\/mk_pricing_table_2][\/vc_column_inner][\/vc_row_inner][mk_button dimension=&#8221;flat&#8221; size=&#8221;large&#8221; letter_spacing=&#8221;2&#8243; url=&#8221;http:\/\/monstergym.net\/fr\/membership\/&#8221; align=&#8221;center&#8221; button_custom_width=&#8221;300&#8243; margin_top=&#8221;30&#8243; margin_bottom=&#8221;40&#8243; margin_right=&#8221;0&#8243; bg_color=&#8221;#d2232a&#8221; btn_hover_bg=&#8221;#d3030c&#8221;]VOIR PLUS D&#8217;OPTIONS[\/mk_button][\/vc_column][\/vc_row][vc_row fullwidth=&#8221;true&#8221; fullwidth_content=&#8221;false&#8221; css=&#8221;.vc_custom_1489867767223{background-color: #d2232a !important;background-position: center !important;background-repeat: no-repeat !important;background-size: cover !important;}&#8221;][vc_column][mk_fancy_title tag_name=&#8221;h3&#8243; color=&#8221;#ffffff&#8221; size=&#8221;36&#8243; force_font_size=&#8221;true&#8221; size_tablet=&#8221;36&#8243; font_weight=&#8221;400&#8243; margin_top=&#8221;40&#8243; margin_bottom=&#8221;0&#8243; font_family=&#8221;Pacifico&#8221; font_type=&#8221;google&#8221; align=&#8221;center&#8221;]Meilleur centre de conditionnement physique en ville depuis 1992.[\/mk_fancy_title][vc_column_text disable_pattern=&#8221;false&#8221; align=&#8221;center&#8221;]Nous ne nous contentons pas de mettre la barre, nous en d\u00e9terminons la hauteur. Monster Gym est r\u00e9put\u00e9e pour ses grandes installations, avec un complexe multi-niveaux garanti pour avoir quelque chose pour tous.[\/vc_column_text][vc_row_inner css=&#8221;.vc_custom_1490054784143{margin-top: 40px !important;}&#8221;][vc_column_inner width=&#8221;1\/3&#8243;][mk_image src=&#8221;http:\/\/monstergym.net\/wp-content\/uploads\/2016\/09\/24hrs.png&#8221; image_size=&#8221;full&#8221; align=&#8221;center&#8221;][vc_column_text disable_pattern=&#8221;false&#8221; align=&#8221;center&#8221; margin_bottom=&#8221;20&#8243;]Ouvert toujours 24\/7\/36, m\u00eame en jour cong\u00e9s![\/vc_column_text][\/vc_column_inner][vc_column_inner width=&#8221;1\/3&#8243;][mk_image src=&#8221;http:\/\/monstergym.net\/wp-content\/uploads\/2016\/09\/cardiomachine.png&#8221; image_size=&#8221;full&#8221; align=&#8221;center&#8221;][vc_column_text disable_pattern=&#8221;false&#8221; align=&#8221;center&#8221; margin_bottom=&#8221;20&#8243;]Plus de 100 appareils d\u2019entra\u00eenement cardio \u00e0 la fine pointe de la technologie[\/vc_column_text][\/vc_column_inner][vc_column_inner width=&#8221;1\/3&#8243;][mk_image src=&#8221;http:\/\/monstergym.net\/wp-content\/uploads\/2016\/09\/weights.png&#8221; image_size=&#8221;full&#8221; align=&#8221;center&#8221;][vc_column_text disable_pattern=&#8221;false&#8221; align=&#8221;center&#8221; margin_bottom=&#8221;20&#8243;]Beaucoup de poids et dumbells \u00e0 utiliser[\/vc_column_text][\/vc_column_inner][\/vc_row_inner][mk_button dimension=&#8221;outline&#8221; size=&#8221;large&#8221; letter_spacing=&#8221;2&#8243; url=&#8221;http:\/\/monstergym.net\/fr\/membership\/&#8221; align=&#8221;center&#8221; button_custom_width=&#8221;300&#8243; margin_top=&#8221;30&#8243; margin_bottom=&#8221;40&#8243; margin_right=&#8221;0&#8243; outline_skin=&#8221;custom&#8221; outline_active_text_color=&#8221;#ffffff&#8221;]VOIR PLUS D&#8217;OPTIONS[\/mk_button][\/vc_column][\/vc_row][vc_row fullwidth=&#8221;true&#8221; fullwidth_content=&#8221;false&#8221; css=&#8221;.vc_custom_1490057868750{background-image: url(http:\/\/monstergym.net\/wp-content\/uploads\/2016\/09\/section4.jpg?id=162) !important;background-position: center !important;background-repeat: no-repeat !important;background-size: cover !important;}&#8221;][vc_column][vc_row_inner][vc_column_inner][mk_testimonials title=&#8221;T\u00e9moignages&#8221; skin=&#8221;light&#8221; text_color=&#8221;#ffffff&#8221; author_color=&#8221;#ffffff&#8221; skill_color=&#8221;#ffffff&#8221; font_weight=&#8221;400&#8243; font_style=&#8221;normal&#8221; text_transform=&#8221;none&#8221;][\/vc_column_inner][\/vc_row_inner][\/vc_column][\/vc_row]\n<\/div>","protected":false},"excerpt":{"rendered":"<p>[vc_row fullwidth=&#8221;true&#8221;][vc_column][mk_edge_slider first_el=&#8221;true&#8221; swiper_bg=&#8221;#000000&#8243; parallax=&#8221;true&#8221; full_height=&#8221;false&#8221; direction_nav=&#8221;slit&#8221; pagination=&#8221;small_dot_stroke&#8221; skip_arrow=&#8221;false&#8221;][\/vc_column][\/vc_row][mk_page_section layout_structure=&#8221;half_left&#8221; bg_image=&#8221;http:\/\/monstergym.net\/wp-content\/uploads\/2016\/09\/section2.jpg&#8221; bg_color=&#8221;#d2232a&#8221; padding_top=&#8221;60&#8243; padding_bottom=&#8221;60&#8243; top_shape_color=&#8221;#ffffff&#8221; bottom_shape_color=&#8221;#ffffff&#8221;][vc_column][mk_padding_divider size=&#8221;20&#8243; visibility=&#8221;visible-sm&#8221;][mk_fancy_title tag_name=&#8221;h5&#8243; color=&#8221;#ffffff&#8221; size=&#8221;98&#8243; force_font_size=&#8221;true&#8221; size_tablet=&#8221;50&#8243; line_height=&#8221;98&#8243; font_weight=&#8221;bold&#8221; txt_transform=&#8221;uppercase&#8221; margin_bottom=&#8221;0&#8243; font_family=&#8221;Oswald&#8221; font_type=&#8221;google&#8221; responsive_align=&#8221;left&#8221;]INSTALLATION DE POINTE[\/mk_fancy_title][mk_custom_list style=&#8221;mk-icon-check-circle&#8221; icon_color=&#8221;#ffffff&#8221;] Piste de marche\/course sur\u00e9lev\u00e9e Aires et \u00e9quipements pour des exercices de haute performance Aire de boxe \u00c9quipement de musculation dernier cri [&hellip;]<\/p>\n","protected":false},"author":1,"featured_media":0,"parent":0,"menu_order":0,"comment_status":"closed","ping_status":"closed","template":"","meta":{"footnotes":""},"class_list":["post-791","page","type-page","status-publish","hentry"],"yoast_head":"<!-- This site is optimized with the Yoast SEO plugin v26.9 - https:\/\/yoast.com\/product\/yoast-seo-wordpress\/ -->\n<title>Accueil - Monster Gym<\/title>\n<meta name=\"robots\" content=\"index, follow, max-snippet:-1, max-image-preview:large, max-video-preview:-1\" \/>\n<link rel=\"canonical\" href=\"https:\/\/monstergym.net\/fr\/\" \/>\n<meta property=\"og:locale\" content=\"fr_FR\" \/>\n<meta property=\"og:type\" content=\"article\" \/>\n<meta property=\"og:title\" content=\"Accueil - Monster Gym\" \/>\n<meta property=\"og:description\" content=\"[vc_row fullwidth=&#8221;true&#8221;][vc_column][mk_edge_slider first_el=&#8221;true&#8221; swiper_bg=&#8221;#000000&#8243; parallax=&#8221;true&#8221; full_height=&#8221;false&#8221; direction_nav=&#8221;slit&#8221; pagination=&#8221;small_dot_stroke&#8221; skip_arrow=&#8221;false&#8221;][\/vc_column][\/vc_row][mk_page_section layout_structure=&#8221;half_left&#8221; bg_image=&#8221;http:\/\/monstergym.net\/wp-content\/uploads\/2016\/09\/section2.jpg&#8221; bg_color=&#8221;#d2232a&#8221; padding_top=&#8221;60&#8243; padding_bottom=&#8221;60&#8243; top_shape_color=&#8221;#ffffff&#8221; bottom_shape_color=&#8221;#ffffff&#8221;][vc_column][mk_padding_divider size=&#8221;20&#8243; visibility=&#8221;visible-sm&#8221;][mk_fancy_title tag_name=&#8221;h5&#8243; color=&#8221;#ffffff&#8221; size=&#8221;98&#8243; force_font_size=&#8221;true&#8221; size_tablet=&#8221;50&#8243; line_height=&#8221;98&#8243; font_weight=&#8221;bold&#8221; txt_transform=&#8221;uppercase&#8221; margin_bottom=&#8221;0&#8243; font_family=&#8221;Oswald&#8221; font_type=&#8221;google&#8221; responsive_align=&#8221;left&#8221;]INSTALLATION DE POINTE[\/mk_fancy_title][mk_custom_list style=&#8221;mk-icon-check-circle&#8221; icon_color=&#8221;#ffffff&#8221;] Piste de marche\/course sur\u00e9lev\u00e9e Aires et \u00e9quipements pour des exercices de haute performance Aire de boxe \u00c9quipement de musculation dernier cri [&hellip;]\" \/>\n<meta property=\"og:url\" content=\"https:\/\/monstergym.net\/fr\/\" \/>\n<meta property=\"og:site_name\" content=\"Monster Gym\" \/>\n<meta property=\"article:modified_time\" content=\"2024-06-12T17:52:27+00:00\" \/>\n<meta property=\"og:image\" content=\"https:\/\/monstergym.net\/wp-content\/uploads\/2017\/06\/fitnesscity-2315.jpg\" \/>\n\t<meta property=\"og:image:width\" content=\"1000\" \/>\n\t<meta property=\"og:image:height\" content=\"667\" \/>\n\t<meta property=\"og:image:type\" content=\"image\/jpeg\" \/>\n<meta name=\"twitter:card\" content=\"summary_large_image\" \/>\n<meta name=\"twitter:label1\" content=\"Est. reading time\" \/>\n\t<meta name=\"twitter:data1\" content=\"2 minutes\" \/>\n<script type=\"application\/ld+json\" class=\"yoast-schema-graph\">{\"@context\":\"https:\/\/schema.org\",\"@graph\":[{\"@type\":\"WebPage\",\"@id\":\"https:\/\/monstergym.net\/fr\/\",\"url\":\"https:\/\/monstergym.net\/fr\/\",\"name\":\"Accueil - Monster Gym\",\"isPartOf\":{\"@id\":\"https:\/\/monstergym.net\/#website\"},\"datePublished\":\"2017-06-12T00:48:35+00:00\",\"dateModified\":\"2024-06-12T17:52:27+00:00\",\"breadcrumb\":{\"@id\":\"https:\/\/monstergym.net\/fr\/#breadcrumb\"},\"inLanguage\":\"fr-FR\",\"potentialAction\":[{\"@type\":\"ReadAction\",\"target\":[\"https:\/\/monstergym.net\/fr\/\"]}]},{\"@type\":\"BreadcrumbList\",\"@id\":\"https:\/\/monstergym.net\/fr\/#breadcrumb\",\"itemListElement\":[{\"@type\":\"ListItem\",\"position\":1,\"name\":\"Home\",\"item\":\"https:\/\/monstergym.net\/fr\/\"},{\"@type\":\"ListItem\",\"position\":2,\"name\":\"Accueil\"}]},{\"@type\":\"WebSite\",\"@id\":\"https:\/\/monstergym.net\/#website\",\"url\":\"https:\/\/monstergym.net\/\",\"name\":\"Monster Gym\",\"description\":\"Open 24\/7 365\",\"potentialAction\":[{\"@type\":\"SearchAction\",\"target\":{\"@type\":\"EntryPoint\",\"urlTemplate\":\"https:\/\/monstergym.net\/?s={search_term_string}\"},\"query-input\":{\"@type\":\"PropertyValueSpecification\",\"valueRequired\":true,\"valueName\":\"search_term_string\"}}],\"inLanguage\":\"fr-FR\"}]}<\/script>\n<!-- \/ Yoast SEO plugin. -->","yoast_head_json":{"title":"Accueil - Monster Gym","robots":{"index":"index","follow":"follow","max-snippet":"max-snippet:-1","max-image-preview":"max-image-preview:large","max-video-preview":"max-video-preview:-1"},"canonical":"https:\/\/monstergym.net\/fr\/","og_locale":"fr_FR","og_type":"article","og_title":"Accueil - Monster Gym","og_description":"[vc_row fullwidth=&#8221;true&#8221;][vc_column][mk_edge_slider first_el=&#8221;true&#8221; swiper_bg=&#8221;#000000&#8243; parallax=&#8221;true&#8221; full_height=&#8221;false&#8221; direction_nav=&#8221;slit&#8221; pagination=&#8221;small_dot_stroke&#8221; skip_arrow=&#8221;false&#8221;][\/vc_column][\/vc_row][mk_page_section layout_structure=&#8221;half_left&#8221; bg_image=&#8221;http:\/\/monstergym.net\/wp-content\/uploads\/2016\/09\/section2.jpg&#8221; bg_color=&#8221;#d2232a&#8221; padding_top=&#8221;60&#8243; padding_bottom=&#8221;60&#8243; top_shape_color=&#8221;#ffffff&#8221; bottom_shape_color=&#8221;#ffffff&#8221;][vc_column][mk_padding_divider size=&#8221;20&#8243; visibility=&#8221;visible-sm&#8221;][mk_fancy_title tag_name=&#8221;h5&#8243; color=&#8221;#ffffff&#8221; size=&#8221;98&#8243; force_font_size=&#8221;true&#8221; size_tablet=&#8221;50&#8243; line_height=&#8221;98&#8243; font_weight=&#8221;bold&#8221; txt_transform=&#8221;uppercase&#8221; margin_bottom=&#8221;0&#8243; font_family=&#8221;Oswald&#8221; font_type=&#8221;google&#8221; responsive_align=&#8221;left&#8221;]INSTALLATION DE POINTE[\/mk_fancy_title][mk_custom_list style=&#8221;mk-icon-check-circle&#8221; icon_color=&#8221;#ffffff&#8221;] Piste de marche\/course sur\u00e9lev\u00e9e Aires et \u00e9quipements pour des exercices de haute performance Aire de boxe \u00c9quipement de musculation dernier cri [&hellip;]","og_url":"https:\/\/monstergym.net\/fr\/","og_site_name":"Monster Gym","article_modified_time":"2024-06-12T17:52:27+00:00","og_image":[{"width":1000,"height":667,"url":"https:\/\/monstergym.net\/wp-content\/uploads\/2017\/06\/fitnesscity-2315.jpg","type":"image\/jpeg"}],"twitter_card":"summary_large_image","twitter_misc":{"Est. reading time":"2 minutes"},"schema":{"@context":"https:\/\/schema.org","@graph":[{"@type":"WebPage","@id":"https:\/\/monstergym.net\/fr\/","url":"https:\/\/monstergym.net\/fr\/","name":"Accueil - Monster Gym","isPartOf":{"@id":"https:\/\/monstergym.net\/#website"},"datePublished":"2017-06-12T00:48:35+00:00","dateModified":"2024-06-12T17:52:27+00:00","breadcrumb":{"@id":"https:\/\/monstergym.net\/fr\/#breadcrumb"},"inLanguage":"fr-FR","potentialAction":[{"@type":"ReadAction","target":["https:\/\/monstergym.net\/fr\/"]}]},{"@type":"BreadcrumbList","@id":"https:\/\/monstergym.net\/fr\/#breadcrumb","itemListElement":[{"@type":"ListItem","position":1,"name":"Home","item":"https:\/\/monstergym.net\/fr\/"},{"@type":"ListItem","position":2,"name":"Accueil"}]},{"@type":"WebSite","@id":"https:\/\/monstergym.net\/#website","url":"https:\/\/monstergym.net\/","name":"Monster Gym","description":"Open 24\/7 365","potentialAction":[{"@type":"SearchAction","target":{"@type":"EntryPoint","urlTemplate":"https:\/\/monstergym.net\/?s={search_term_string}"},"query-input":{"@type":"PropertyValueSpecification","valueRequired":true,"valueName":"search_term_string"}}],"inLanguage":"fr-FR"}]}},"_links":{"self":[{"href":"https:\/\/monstergym.net\/fr\/wp-json\/wp\/v2\/pages\/791","targetHints":{"allow":["GET"]}}],"collection":[{"href":"https:\/\/monstergym.net\/fr\/wp-json\/wp\/v2\/pages"}],"about":[{"href":"https:\/\/monstergym.net\/fr\/wp-json\/wp\/v2\/types\/page"}],"author":[{"embeddable":true,"href":"https:\/\/monstergym.net\/fr\/wp-json\/wp\/v2\/users\/1"}],"replies":[{"embeddable":true,"href":"https:\/\/monstergym.net\/fr\/wp-json\/wp\/v2\/comments?post=791"}],"version-history":[{"count":24,"href":"https:\/\/monstergym.net\/fr\/wp-json\/wp\/v2\/pages\/791\/revisions"}],"predecessor-version":[{"id":1197,"href":"https:\/\/monstergym.net\/fr\/wp-json\/wp\/v2\/pages\/791\/revisions\/1197"}],"wp:attachment":[{"href":"https:\/\/monstergym.net\/fr\/wp-json\/wp\/v2\/media?parent=791"}],"curies":[{"name":"wp","href":"https:\/\/api.w.org\/{rel}","templated":true}]}}