{"id":895,"date":"2017-08-11T11:40:27","date_gmt":"2017-08-11T11:40:27","guid":{"rendered":"http:\/\/monstergym.net\/?page_id=895\/"},"modified":"2017-08-11T11:51:34","modified_gmt":"2017-08-11T11:51:34","slug":"politiques-et-conditions","status":"publish","type":"page","link":"https:\/\/monstergym.net\/fr\/politiques-et-conditions\/","title":{"rendered":"Politiques et Conditions"},"content":{"rendered":"<div class=\"wpb-content-wrapper\">[vc_row fullwidth=&#8221;true&#8221; attached=&#8221;true&#8221; css=&#8221;.vc_custom_1497581694559{background-color: #262626 !important;}&#8221;][vc_column width=&#8221;1\/2&#8243;][mk_custom_box padding_vertical=&#8221;40&#8243; margin_bottom=&#8221;0&#8243; min_height=&#8221;750&#8243; bg_position=&#8221;center top&#8221; bg_stretch=&#8221;true&#8221;][mk_fancy_title tag_name=&#8221;h4&#8243; color=&#8221;#d2232a&#8221; size=&#8221;24&#8243; font_weight=&#8221;bold&#8221; txt_transform=&#8221;uppercase&#8221; margin_bottom=&#8221;0&#8243; font_family=&#8221;Oswald&#8221; font_type=&#8221;google&#8221; responsive_align=&#8221;left&#8221;]Politiques et Conditions[\/mk_fancy_title][vc_column_text margin_bottom=&#8221;20&#8243;]<strong>D\u00c9CLARATION DU CLIENT :<\/strong><\/p>\n<ol>\n<li>Je suis en bonne condition physique et je suis capable de faire des exercices sans risque m\u00e9dical. J\u2019ai consult\u00e9 un m\u00e9decin et j\u2019ai obtenu l\u2019approbation de suivre un programme d\u2019exercices.<\/li>\n<li>Je reconnais les risques associ\u00e9s au programme d\u2019exercices et d\u00e9charge Le Centre de toute r\u00e9clamation et de toute responsabilit\u00e9 pour toute l\u00e9sion corporelle ou tout dommage \u00e0 ma personne ou \u00e0 mes biens que je peux subir pendant que je suis dans les locaux du Centre ou r\u00e9sultant d\u2019une telle activit\u00e9. Je reconnais que je fais appel aux services du Centre et que j\u2019utilise le mat\u00e9riel et les installations \u00e0 mes propres risques, et j\u2019assume l\u2019enti\u00e8re responsabilit\u00e9 de toute blessure ou de tout dommage, notamment, mais sans s\u2019y limiter, en raison de ma n\u00e9gligence et, par la pr\u00e9sente, je d\u00e9charge de toute responsabilit\u00e9 Le Centre \u00e0 l\u2019\u00e9gard de toute r\u00e9clamation et de toute proc\u00e9dure judiciaire, pr\u00e9sente ou future, connue ou inconnue, r\u00e9sultant de l\u2019utilisation des services, du mat\u00e9riel et des installations du Centre.<\/li>\n<li>Je reconnais avoir lu et compris les r\u00e8gles et r\u00e8glements du Centre et je m\u2019engage \u00e0 les respecter. Je confirme en avoir re\u00e7u une copie ____ (initiales du Client).<\/li>\n<li>Le pr\u00e9sent contrat et les privil\u00e8ges y aff\u00e9rents ne sont pas transf\u00e9rables et ne peuvent \u00eatre c\u00e9d\u00e9s, \u00e9chang\u00e9s ni pr\u00eat\u00e9s \u00e0 un tiers en aucun temps.<\/li>\n<li>J\u2019accepte la responsabilit\u00e9 de tout dommage que je peux causer aux biens ou au mat\u00e9riel du Centre, volontairement, involontairement ou par n\u00e9gligence, et j\u2019accepte de rembourser au Centre le plein montant des r\u00e9parations ou du remplacement r\u00e9sultant dudit dommage.<\/li>\n<li>Je reconnais que toute forme de sollicitation, de vente ou de promotion de services dans les locaux du Centre est strictement interdite sans le consentement \u00e9crit pr\u00e9alable du Centre.<\/li>\n<li>Le Centre n\u2019est pas responsable de la perte, du bris ou du vol de mes effets personnels dans les locaux du Centre.<\/li>\n<li>Je reconnais que Le Centre se r\u00e9serve le droit de temporairement fermer les installations et\/ou de suspendre les activit\u00e9s afin de faire des r\u00e9parations ou l\u2019entretien ou pour toute autre raison jug\u00e9e n\u00e9cessaire par la direction du Centre. La fermeture temporaire peut avoir lieu sans pr\u00e9avis. Dans un tel cas, je reconnais que je n\u2019ai droit \u00e0 aucune indemnisation ni \u00e0 aucun remboursement pour la p\u00e9riode de fermeture et\/ou de suspension des activit\u00e9s ou services.<\/li>\n<li>J\u2019accepte de faire mes paiements au Centre au montant r\u00e9clam\u00e9 dans le contrat et aux dates indiqu\u00e9es. J\u2019accepte de d\u00e9dommager en totalit\u00e9 Le Centre pour tous les frais suppl\u00e9mentaires associ\u00e9s au recouvrement des paiements. Je reconnais \u00eatre responsable des paiements peu importe si je fr\u00e9quente Le Centre ou non. Je reconnais \u00eatre responsable de payer les montants en entier en plus des frais engag\u00e9s par Le Centre pour le recouvrement des paiements, nonobstant la date d\u2019expiration du pr\u00e9sent contrat.<\/li>\n<li>Je reconnais que Le Centre se r\u00e9serve le droit d\u2019ajouter, de retirer ou de modifier un service, y compris, mais sans s\u2019y limiter, les heures d\u2019ouverture et les commodit\u00e9s offertes, sans p\u00e9nalit\u00e9 pour Le Centre. De plus, le retrait ou la modification d\u2019un service ou de commodit\u00e9s peut avoir lieu sans pr\u00e9avis.<\/li>\n<li>Je conviens que, pour un motif valable, y compris, sans s\u2019y limiter, la rupture ou la violation des modalit\u00e9s du pr\u00e9sent contrat, Le Centre se r\u00e9serve le droit de suspendre ind\u00e9finiment ou d\u2019annuler le pr\u00e9sent contrat en tout temps. Si Le Centre annule le contrat, je reconnais que je serai rembours\u00e9, dans un d\u00e9lai raisonnable, mais seulement le montant de la portion restante du contrat que j\u2019aurai pay\u00e9 \u00e0 l\u2019avance.<\/li>\n<li>Apr\u00e8s l\u2019expiration de la p\u00e9riode d\u2019annulation pr\u00e9vue par la Loi sur la protection du consommateur, le pr\u00e9sent contrat est irr\u00e9vocable pour le reste de la dur\u00e9e du contrat. Par cons\u00e9quent, par la pr\u00e9sente, le client renonce express\u00e9ment \u00e0 son droit de r\u00e9siliation du contrat en vertu de l\u2019article 2125 du Code civil du Qu\u00e9bec.<\/li>\n<li>J\u2019ai lu, j\u2019ai compris et j\u2019accepte toutes les modalit\u00e9s du pr\u00e9sent contrat, y compris les r\u00e8gles et r\u00e8glements du Centre. Je reconnais \u00e9galement, par la pr\u00e9sente, avoir re\u00e7u une copie sign\u00e9e du pr\u00e9sent contrat, une copie des r\u00e8gles et r\u00e8glements du Centre et un formulaire de demande d\u2019annulation _____ (initiales du Client).<\/li>\n<\/ol>\n[\/vc_column_text][\/mk_custom_box][\/vc_column][vc_column width=&#8221;1\/2&#8243;][mk_custom_box padding_vertical=&#8221;40&#8243; margin_bottom=&#8221;0&#8243; min_height=&#8221;750&#8243; bg_position=&#8221;center top&#8221; bg_stretch=&#8221;true&#8221;][mk_fancy_title tag_name=&#8221;h4&#8243; color=&#8221;#d2232a&#8221; size=&#8221;24&#8243; font_weight=&#8221;bold&#8221; txt_transform=&#8221;uppercase&#8221; margin_bottom=&#8221;0&#8243; font_family=&#8221;Oswald&#8221; font_type=&#8221;google&#8221; responsive_align=&#8221;left&#8221;]Politiques et Conditions a Continu\u00e9[\/mk_fancy_title][vc_column_text margin_bottom=&#8221;20&#8243;]<strong>Mention exig\u00e9e par la Loi sur la protection du consommateur.<\/strong><\/p>\n<p>(Contrat conclu par un commer\u00e7ant exploitant un studio de sant\u00e9)<\/p>\n<p>Le consommateur peut r\u00e9silier le pr\u00e9sent contrat sans frais ni p\u00e9nalit\u00e9 avant que le commer\u00e7ant n&#8217;ait commenc\u00e9 \u00e0 ex\u00e9cuter son obligation principale en envoyant la formule ci-annex\u00e9e ou un autre avis \u00e9crit \u00e0 cet effet au commer\u00e7ant.<\/p>\n<p>Si le commer\u00e7ant a commenc\u00e9 \u00e0 ex\u00e9cuter son obligation principale, le consommateur peut r\u00e9silier le pr\u00e9sent contrat dans un d\u00e9lai \u00e9gal \u00e0 1\/10 de la dur\u00e9e pr\u00e9vue au pr\u00e9sent contrat en envoyant la formule ci-annex\u00e9e ou un autre avis \u00e9crit \u00e0 cet effet au commer\u00e7ant. Ce d\u00e9lai a comme point de d\u00e9part le moment o\u00f9 le commer\u00e7ant commence \u00e0 ex\u00e9cuter son obligation principale. Dans ce cas, le commer\u00e7ant ne peut exiger au plus, du consommateur, que le paiement d&#8217;un dixi\u00e8me du prix total pr\u00e9vu au contrat.<\/p>\n<p>Le contrat est r\u00e9sili\u00e9, sans autre formalit\u00e9, d\u00e8s l&#8217;envoi de la formule ou de l&#8217;avis.<\/p>\n<p>Dans les 10 jours qui suivent la r\u00e9siliation du contrat, le commer\u00e7ant doit restituer au consommateur l&#8217;argent qu&#8217;il lui doit.<\/p>\n<p>Le consommateur aura avantage \u00e0 consulter les articles 197 \u00e0 205 de la Loi sur la protection du consommateur (chapitre P-40.1) et, au besoin, \u00e0 communiquer avec l&#8217;Office de la protection du consommateur.[\/vc_column_text][\/mk_custom_box][\/vc_column][\/vc_row]\n<\/div>","protected":false},"excerpt":{"rendered":"<p>[vc_row fullwidth=&#8221;true&#8221; attached=&#8221;true&#8221; css=&#8221;.vc_custom_1497581694559{background-color: #262626 !important;}&#8221;][vc_column width=&#8221;1\/2&#8243;][mk_custom_box padding_vertical=&#8221;40&#8243; margin_bottom=&#8221;0&#8243; min_height=&#8221;750&#8243; bg_position=&#8221;center top&#8221; bg_stretch=&#8221;true&#8221;][mk_fancy_title tag_name=&#8221;h4&#8243; color=&#8221;#d2232a&#8221; size=&#8221;24&#8243; font_weight=&#8221;bold&#8221; txt_transform=&#8221;uppercase&#8221; margin_bottom=&#8221;0&#8243; font_family=&#8221;Oswald&#8221; font_type=&#8221;google&#8221; responsive_align=&#8221;left&#8221;]Politiques et Conditions[\/mk_fancy_title][vc_column_text margin_bottom=&#8221;20&#8243;]D\u00c9CLARATION DU CLIENT : Je suis en bonne condition physique et je suis capable de faire des exercices sans risque m\u00e9dical. J\u2019ai consult\u00e9 un m\u00e9decin et j\u2019ai obtenu l\u2019approbation de suivre [&hellip;]<\/p>\n","protected":false},"author":1,"featured_media":0,"parent":0,"menu_order":0,"comment_status":"closed","ping_status":"closed","template":"","meta":{"footnotes":""},"class_list":["post-895","page","type-page","status-publish","hentry"],"yoast_head":"<!-- This site is optimized with the Yoast SEO plugin v26.9 - https:\/\/yoast.com\/product\/yoast-seo-wordpress\/ -->\n<title>Politiques et Conditions - Monster Gym<\/title>\n<meta name=\"robots\" content=\"index, follow, max-snippet:-1, max-image-preview:large, max-video-preview:-1\" \/>\n<link rel=\"canonical\" href=\"https:\/\/monstergym.net\/fr\/politiques-et-conditions\/\" \/>\n<meta property=\"og:locale\" content=\"fr_FR\" \/>\n<meta property=\"og:type\" content=\"article\" \/>\n<meta property=\"og:title\" content=\"Politiques et Conditions - Monster Gym\" \/>\n<meta property=\"og:description\" content=\"[vc_row fullwidth=&#8221;true&#8221; attached=&#8221;true&#8221; css=&#8221;.vc_custom_1497581694559{background-color: #262626 !important;}&#8221;][vc_column width=&#8221;1\/2&#8243;][mk_custom_box padding_vertical=&#8221;40&#8243; margin_bottom=&#8221;0&#8243; min_height=&#8221;750&#8243; bg_position=&#8221;center top&#8221; bg_stretch=&#8221;true&#8221;][mk_fancy_title tag_name=&#8221;h4&#8243; color=&#8221;#d2232a&#8221; size=&#8221;24&#8243; font_weight=&#8221;bold&#8221; txt_transform=&#8221;uppercase&#8221; margin_bottom=&#8221;0&#8243; font_family=&#8221;Oswald&#8221; font_type=&#8221;google&#8221; responsive_align=&#8221;left&#8221;]Politiques et Conditions[\/mk_fancy_title][vc_column_text margin_bottom=&#8221;20&#8243;]D\u00c9CLARATION DU CLIENT : Je suis en bonne condition physique et je suis capable de faire des exercices sans risque m\u00e9dical. J\u2019ai consult\u00e9 un m\u00e9decin et j\u2019ai obtenu l\u2019approbation de suivre [&hellip;]\" \/>\n<meta property=\"og:url\" content=\"https:\/\/monstergym.net\/fr\/politiques-et-conditions\/\" \/>\n<meta property=\"og:site_name\" content=\"Monster Gym\" \/>\n<meta property=\"article:modified_time\" content=\"2017-08-11T11:51:34+00:00\" \/>\n<meta name=\"twitter:card\" content=\"summary_large_image\" \/>\n<meta name=\"twitter:label1\" content=\"Est. reading time\" \/>\n\t<meta name=\"twitter:data1\" content=\"6 minutes\" \/>\n<script type=\"application\/ld+json\" class=\"yoast-schema-graph\">{\"@context\":\"https:\/\/schema.org\",\"@graph\":[{\"@type\":\"WebPage\",\"@id\":\"https:\/\/monstergym.net\/fr\/politiques-et-conditions\/\",\"url\":\"https:\/\/monstergym.net\/fr\/politiques-et-conditions\/\",\"name\":\"Politiques et Conditions - Monster Gym\",\"isPartOf\":{\"@id\":\"https:\/\/monstergym.net\/#website\"},\"datePublished\":\"2017-08-11T11:40:27+00:00\",\"dateModified\":\"2017-08-11T11:51:34+00:00\",\"breadcrumb\":{\"@id\":\"https:\/\/monstergym.net\/fr\/politiques-et-conditions\/#breadcrumb\"},\"inLanguage\":\"fr-FR\",\"potentialAction\":[{\"@type\":\"ReadAction\",\"target\":[\"https:\/\/monstergym.net\/fr\/politiques-et-conditions\/\"]}]},{\"@type\":\"BreadcrumbList\",\"@id\":\"https:\/\/monstergym.net\/fr\/politiques-et-conditions\/#breadcrumb\",\"itemListElement\":[{\"@type\":\"ListItem\",\"position\":1,\"name\":\"Home\",\"item\":\"https:\/\/monstergym.net\/fr\/\"},{\"@type\":\"ListItem\",\"position\":2,\"name\":\"Politiques et Conditions\"}]},{\"@type\":\"WebSite\",\"@id\":\"https:\/\/monstergym.net\/#website\",\"url\":\"https:\/\/monstergym.net\/\",\"name\":\"Monster Gym\",\"description\":\"Open 24\/7 365\",\"potentialAction\":[{\"@type\":\"SearchAction\",\"target\":{\"@type\":\"EntryPoint\",\"urlTemplate\":\"https:\/\/monstergym.net\/?s={search_term_string}\"},\"query-input\":{\"@type\":\"PropertyValueSpecification\",\"valueRequired\":true,\"valueName\":\"search_term_string\"}}],\"inLanguage\":\"fr-FR\"}]}<\/script>\n<!-- \/ Yoast SEO plugin. -->","yoast_head_json":{"title":"Politiques et Conditions - Monster Gym","robots":{"index":"index","follow":"follow","max-snippet":"max-snippet:-1","max-image-preview":"max-image-preview:large","max-video-preview":"max-video-preview:-1"},"canonical":"https:\/\/monstergym.net\/fr\/politiques-et-conditions\/","og_locale":"fr_FR","og_type":"article","og_title":"Politiques et Conditions - Monster Gym","og_description":"[vc_row fullwidth=&#8221;true&#8221; attached=&#8221;true&#8221; css=&#8221;.vc_custom_1497581694559{background-color: #262626 !important;}&#8221;][vc_column width=&#8221;1\/2&#8243;][mk_custom_box padding_vertical=&#8221;40&#8243; margin_bottom=&#8221;0&#8243; min_height=&#8221;750&#8243; bg_position=&#8221;center top&#8221; bg_stretch=&#8221;true&#8221;][mk_fancy_title tag_name=&#8221;h4&#8243; color=&#8221;#d2232a&#8221; size=&#8221;24&#8243; font_weight=&#8221;bold&#8221; txt_transform=&#8221;uppercase&#8221; margin_bottom=&#8221;0&#8243; font_family=&#8221;Oswald&#8221; font_type=&#8221;google&#8221; responsive_align=&#8221;left&#8221;]Politiques et Conditions[\/mk_fancy_title][vc_column_text margin_bottom=&#8221;20&#8243;]D\u00c9CLARATION DU CLIENT : Je suis en bonne condition physique et je suis capable de faire des exercices sans risque m\u00e9dical. J\u2019ai consult\u00e9 un m\u00e9decin et j\u2019ai obtenu l\u2019approbation de suivre [&hellip;]","og_url":"https:\/\/monstergym.net\/fr\/politiques-et-conditions\/","og_site_name":"Monster Gym","article_modified_time":"2017-08-11T11:51:34+00:00","twitter_card":"summary_large_image","twitter_misc":{"Est. reading time":"6 minutes"},"schema":{"@context":"https:\/\/schema.org","@graph":[{"@type":"WebPage","@id":"https:\/\/monstergym.net\/fr\/politiques-et-conditions\/","url":"https:\/\/monstergym.net\/fr\/politiques-et-conditions\/","name":"Politiques et Conditions - Monster Gym","isPartOf":{"@id":"https:\/\/monstergym.net\/#website"},"datePublished":"2017-08-11T11:40:27+00:00","dateModified":"2017-08-11T11:51:34+00:00","breadcrumb":{"@id":"https:\/\/monstergym.net\/fr\/politiques-et-conditions\/#breadcrumb"},"inLanguage":"fr-FR","potentialAction":[{"@type":"ReadAction","target":["https:\/\/monstergym.net\/fr\/politiques-et-conditions\/"]}]},{"@type":"BreadcrumbList","@id":"https:\/\/monstergym.net\/fr\/politiques-et-conditions\/#breadcrumb","itemListElement":[{"@type":"ListItem","position":1,"name":"Home","item":"https:\/\/monstergym.net\/fr\/"},{"@type":"ListItem","position":2,"name":"Politiques et Conditions"}]},{"@type":"WebSite","@id":"https:\/\/monstergym.net\/#website","url":"https:\/\/monstergym.net\/","name":"Monster Gym","description":"Open 24\/7 365","potentialAction":[{"@type":"SearchAction","target":{"@type":"EntryPoint","urlTemplate":"https:\/\/monstergym.net\/?s={search_term_string}"},"query-input":{"@type":"PropertyValueSpecification","valueRequired":true,"valueName":"search_term_string"}}],"inLanguage":"fr-FR"}]}},"_links":{"self":[{"href":"https:\/\/monstergym.net\/fr\/wp-json\/wp\/v2\/pages\/895","targetHints":{"allow":["GET"]}}],"collection":[{"href":"https:\/\/monstergym.net\/fr\/wp-json\/wp\/v2\/pages"}],"about":[{"href":"https:\/\/monstergym.net\/fr\/wp-json\/wp\/v2\/types\/page"}],"author":[{"embeddable":true,"href":"https:\/\/monstergym.net\/fr\/wp-json\/wp\/v2\/users\/1"}],"replies":[{"embeddable":true,"href":"https:\/\/monstergym.net\/fr\/wp-json\/wp\/v2\/comments?post=895"}],"version-history":[{"count":3,"href":"https:\/\/monstergym.net\/fr\/wp-json\/wp\/v2\/pages\/895\/revisions"}],"predecessor-version":[{"id":898,"href":"https:\/\/monstergym.net\/fr\/wp-json\/wp\/v2\/pages\/895\/revisions\/898"}],"wp:attachment":[{"href":"https:\/\/monstergym.net\/fr\/wp-json\/wp\/v2\/media?parent=895"}],"curies":[{"name":"wp","href":"https:\/\/api.w.org\/{rel}","templated":true}]}}